{"id":10294,"date":"2024-05-28T21:34:12","date_gmt":"2024-05-28T21:34:12","guid":{"rendered":"https:\/\/www.insidesalud.cl\/?page_id=10294"},"modified":"2026-04-03T11:32:55","modified_gmt":"2026-04-03T14:32:55","slug":"manufactura","status":"publish","type":"page","link":"https:\/\/www.insidesalud.cl\/manufactura\/","title":{"rendered":"Ex\u00e1menes para Manufactura"},"content":{"rendered":"<section class=\"l-section wpb_row us_custom_f9dc0060 height_custom\"><div class=\"l-section-h i-cf\"><div class=\"g-cols vc_row via_grid cols_1 laptops-cols_inherit tablets-cols_inherit mobiles-cols_1 valign_top type_default stacking_default\"><div class=\"wpb_column vc_column_container\"><div class=\"vc_column-inner\"><div class=\"w-separator hide_on_default hide_on_laptops size_medium\"><\/div><div class=\"w-separator hide_on_default hide_on_laptops size_medium\"><\/div><h1 class=\"w-text us_custom_af264681 has_text_color\"><span class=\"w-text-h\"><span class=\"w-text-value\">Ex\u00e1menes para Manufactura<\/span><\/span><\/h1><div class=\"w-separator size_small\"><\/div><div class=\"g-cols wpb_row via_grid cols_2 laptops-cols_inherit tablets-cols_inherit mobiles-cols_1 valign_middle type_default stacking_default\" style=\"--gap:3rem;\"><div class=\"wpb_column vc_column_container\"><div class=\"vc_column-inner\"><div class=\"w-image align_center\"><div class=\"w-image-h\"><img decoding=\"async\" width=\"243\" height=\"156\" data-src=\"https:\/\/www.insidesalud.cl\/wp-content\/uploads\/2024\/05\/Manufactura-1.png\" class=\"attachment-full size-full lazyload\" alt=\"\" src=\"data:image\/svg+xml;base64,PHN2ZyB3aWR0aD0iMSIgaGVpZ2h0PSIxIiB4bWxucz0iaHR0cDovL3d3dy53My5vcmcvMjAwMC9zdmciPjwvc3ZnPg==\" style=\"--smush-placeholder-width: 243px; --smush-placeholder-aspect-ratio: 243\/156;\" \/><\/div><\/div><\/div><\/div><div class=\"wpb_column vc_column_container\"><div class=\"vc_column-inner\"><div class=\"wpb_text_column us_custom_751e0f45\"><div class=\"wpb_wrapper\"><p>En el rubro de la manufactura las personas deben contar con una prolijidad en su desempe\u00f1o cumpliendo con aptitudes de salud que no interfieran en su desempe\u00f1o.<\/p>\n<\/div><\/div><\/div><\/div><\/div><div class=\"g-cols wpb_row via_grid cols_1 laptops-cols_inherit tablets-cols_inherit mobiles-cols_1 valign_top type_default stacking_default\" style=\"--gap:3rem;\"><div class=\"wpb_column vc_column_container\"><div class=\"vc_column-inner\"><div class=\"w-separator size_medium\"><\/div><h2 class=\"w-text us_custom_90483874 has_text_color\"><span class=\"w-text-h\"><span class=\"w-text-value\">Se sugiere la realizaci\u00f3n de los siguientes ex\u00e1menes:<\/span><\/span><\/h2><div class=\"w-separator size_medium\"><\/div><\/div><\/div><\/div><div class=\"g-cols wpb_row via_grid cols_1 laptops-cols_inherit tablets-cols_inherit mobiles-cols_1 valign_top type_default stacking_default\" style=\"--gap:3rem;\"><div class=\"wpb_column vc_column_container\"><div class=\"vc_column-inner\"><div class=\"w-grid us_custom_48afbd4b type_grid layout_10152 cols_3\" id=\"us_grid_1\" style=\"--gap:1.5rem;\" data-filterable=\"true\"><style>@media (max-width:1024px){#us_grid_1 .w-grid-item{width:50%}}@media (max-width:600px){#us_grid_1 .w-grid-list{margin:0}#us_grid_1 .w-grid-item{width:100%;padding:0;margin-bottom:var(--gap,0px)}}.layout_10152 .w-grid-item-h{}.layout_10152 .usg_post_image_1{transition-duration:0.3s;transform-origin:50% 50%;transform:scale(1) translate(0%,0%);opacity:0.9}.layout_10152 .w-grid-item-h:hover .usg_post_image_1{transform:scale(1.20) translate(0%,0%);opacity:0.5;background:#ffffff!important}.layout_10152 .usg_post_title_1{transition-duration:0.3s;transform-origin:50% 40%;transform:scale(1) translate(0%,0%)}.layout_10152 .w-grid-item-h:hover .usg_post_title_1{transform:scale(1) translate(0%,0%);opacity:1;color:#00005E!important}.layout_10152 .usg_post_image_1{position:relative!important;z-index:1!important}.layout_10152 .usg_post_title_1{color:#ffffff!important;font-weight:600!important;margin-top:-75px!important;position:relative!important;z-index:2!important}<\/style><div class=\"w-grid-list\">\t<article class=\"w-grid-item size_1x1 post-9779 post type-post status-publish format-standard has-post-thumbnail hentry category-baterias category-manufactura\" data-id=\"9779\">\r\n\t\t<div class=\"w-grid-item-h\">\r\n\t\t\t\t\t\t<div class=\"w-post-elm post_image usg_post_image_1 has_ratio\"><a href=\"https:\/\/www.insidesalud.cl\/evaluacion-psicolaboral\/\" aria-label=\"Evaluaci\u00f3n Psicolaboral\"><img decoding=\"async\" width=\"600\" height=\"400\" data-src=\"https:\/\/www.insidesalud.cl\/wp-content\/uploads\/2024\/01\/Evaluacion-Psicolaboral.webp\" class=\"attachment-large size-large wp-post-image lazyload\" alt=\"\" data-srcset=\"https:\/\/www.insidesalud.cl\/wp-content\/uploads\/2024\/01\/Evaluacion-Psicolaboral.webp 600w, https:\/\/www.insidesalud.cl\/wp-content\/uploads\/2024\/01\/Evaluacion-Psicolaboral-300x200.webp 300w\" data-sizes=\"(max-width: 600px) 100vw, 600px\" src=\"data:image\/svg+xml;base64,PHN2ZyB3aWR0aD0iMSIgaGVpZ2h0PSIxIiB4bWxucz0iaHR0cDovL3d3dy53My5vcmcvMjAwMC9zdmciPjwvc3ZnPg==\" style=\"--smush-placeholder-width: 600px; --smush-placeholder-aspect-ratio: 600\/400;\" \/><\/a><div style=\"padding-bottom:100%\"><\/div><\/div><div class=\"w-vwrapper usg_vwrapper_1 envoltura-examenes align_center valign_middle\"><h4 class=\"w-post-elm post_title usg_post_title_1 has_text_color align_center entry-title color_link_inherit\"><a href=\"https:\/\/www.insidesalud.cl\/evaluacion-psicolaboral\/\">Evaluaci\u00f3n Psicolaboral<\/a><\/h4><\/div>\t\t<\/div>\r\n\t\t\t<\/article>\r\n\t<article class=\"w-grid-item size_1x1 post-9754 post type-post status-publish format-standard has-post-thumbnail hentry category-agricultura category-baterias category-construccion category-forestal category-manufactura category-maritima\" data-id=\"9754\">\r\n\t\t<div class=\"w-grid-item-h\">\r\n\t\t\t\t\t\t<div class=\"w-post-elm post_image usg_post_image_1 has_ratio\"><a href=\"https:\/\/www.insidesalud.cl\/examen-de-exposicion-al-ruido\/\" aria-label=\"Examen de Exposici\u00f3n al Ruido\"><img decoding=\"async\" width=\"380\" height=\"280\" data-src=\"https:\/\/www.insidesalud.cl\/wp-content\/uploads\/2024\/01\/Exposicion-Al-Ruido.png\" class=\"attachment-large size-large wp-post-image lazyload\" alt=\"\" data-srcset=\"https:\/\/www.insidesalud.cl\/wp-content\/uploads\/2024\/01\/Exposicion-Al-Ruido.png 380w, https:\/\/www.insidesalud.cl\/wp-content\/uploads\/2024\/01\/Exposicion-Al-Ruido-300x221.png 300w\" data-sizes=\"(max-width: 380px) 100vw, 380px\" src=\"data:image\/svg+xml;base64,PHN2ZyB3aWR0aD0iMSIgaGVpZ2h0PSIxIiB4bWxucz0iaHR0cDovL3d3dy53My5vcmcvMjAwMC9zdmciPjwvc3ZnPg==\" style=\"--smush-placeholder-width: 380px; --smush-placeholder-aspect-ratio: 380\/280;\" \/><\/a><div style=\"padding-bottom:100%\"><\/div><\/div><div class=\"w-vwrapper usg_vwrapper_1 envoltura-examenes align_center valign_middle\"><h4 class=\"w-post-elm post_title usg_post_title_1 has_text_color align_center entry-title color_link_inherit\"><a href=\"https:\/\/www.insidesalud.cl\/examen-de-exposicion-al-ruido\/\">Examen de Exposici\u00f3n al Ruido<\/a><\/h4><\/div>\t\t<\/div>\r\n\t\t\t<\/article>\r\n\t<article class=\"w-grid-item size_1x1 post-9736 post type-post status-publish format-standard has-post-thumbnail hentry category-agricultura category-alimentos category-baterias category-ciudad category-forestal category-manufactura category-maritima\" data-id=\"9736\">\r\n\t\t<div class=\"w-grid-item-h\">\r\n\t\t\t\t\t\t<div class=\"w-post-elm post_image usg_post_image_1 has_ratio\"><a href=\"https:\/\/www.insidesalud.cl\/bateria-basica\/\" aria-label=\"Bater\u00eda B\u00e1sica\"><img decoding=\"async\" width=\"768\" height=\"1024\" data-src=\"https:\/\/www.insidesalud.cl\/wp-content\/uploads\/2024\/01\/bateria-basica-768x1024.jpg\" class=\"attachment-large size-large wp-post-image lazyload\" alt=\"\" data-srcset=\"https:\/\/www.insidesalud.cl\/wp-content\/uploads\/2024\/01\/bateria-basica-768x1024.jpg 768w, https:\/\/www.insidesalud.cl\/wp-content\/uploads\/2024\/01\/bateria-basica-225x300.jpg 225w, https:\/\/www.insidesalud.cl\/wp-content\/uploads\/2024\/01\/bateria-basica-1152x1536.jpg 1152w, https:\/\/www.insidesalud.cl\/wp-content\/uploads\/2024\/01\/bateria-basica-600x800.jpg 600w, https:\/\/www.insidesalud.cl\/wp-content\/uploads\/2024\/01\/bateria-basica-488x650.jpg 488w, https:\/\/www.insidesalud.cl\/wp-content\/uploads\/2024\/01\/bateria-basica.jpg 1200w\" data-sizes=\"(max-width: 768px) 100vw, 768px\" src=\"data:image\/svg+xml;base64,PHN2ZyB3aWR0aD0iMSIgaGVpZ2h0PSIxIiB4bWxucz0iaHR0cDovL3d3dy53My5vcmcvMjAwMC9zdmciPjwvc3ZnPg==\" style=\"--smush-placeholder-width: 768px; --smush-placeholder-aspect-ratio: 768\/1024;\" \/><\/a><div style=\"padding-bottom:100%\"><\/div><\/div><div class=\"w-vwrapper usg_vwrapper_1 envoltura-examenes align_center valign_middle\"><h4 class=\"w-post-elm post_title usg_post_title_1 has_text_color align_center entry-title color_link_inherit\"><a href=\"https:\/\/www.insidesalud.cl\/bateria-basica\/\">Bater\u00eda B\u00e1sica<\/a><\/h4><\/div>\t\t<\/div>\r\n\t\t\t<\/article>\r\n<\/div><div class=\"w-grid-preloader\">\t<div class=\"g-preloader type_1\">\r\n\t\t<div><\/div>\r\n\t<\/div>\r\n\t<\/div>\t<div class=\"w-grid-json hidden\" onclick='return {&quot;action&quot;:&quot;us_ajax_grid&quot;,&quot;infinite_scroll&quot;:0,&quot;max_num_pages&quot;:1,&quot;pagination&quot;:&quot;none&quot;,&quot;template_vars&quot;:{&quot;columns&quot;:&quot;3&quot;,&quot;exclude_items&quot;:&quot;none&quot;,&quot;img_size&quot;:&quot;default&quot;,&quot;ignore_items_size&quot;:0,&quot;items_layout&quot;:&quot;10152&quot;,&quot;items_offset&quot;:&quot;1&quot;,&quot;load_animation&quot;:&quot;none&quot;,&quot;overriding_link&quot;:&quot;{\\&quot;url\\&quot;:\\&quot;\\&quot;}&quot;,&quot;post_id&quot;:0,&quot;query_args&quot;:{&quot;post_type&quot;:[&quot;post&quot;],&quot;tax_query&quot;:[{&quot;taxonomy&quot;:&quot;category&quot;,&quot;field&quot;:&quot;slug&quot;,&quot;terms&quot;:[&quot;manufactura&quot;]}],&quot;post_status&quot;:[&quot;publish&quot;],&quot;posts_per_page&quot;:&quot;10&quot;},&quot;orderby_query_args&quot;:{&quot;orderby&quot;:{&quot;date&quot;:&quot;DESC&quot;}},&quot;type&quot;:&quot;grid&quot;,&quot;us_grid_post_type&quot;:&quot;post&quot;,&quot;us_grid_ajax_index&quot;:1,&quot;us_grid_filter_query_string&quot;:null,&quot;us_grid_index&quot;:1,&quot;page_args&quot;:[]}}'><\/div>\r\n\t<\/div><div class=\"w-separator size_huge\"><\/div><div class=\"wpb_text_column us_custom_9fa6928a has_text_color\"><div class=\"wpb_wrapper\"><h3 style=\"text-align: center;\">Reserva tus Ex\u00e1menes<\/h3>\n<\/div><\/div><\/div><\/div><\/div><\/div><\/div><\/div><\/div><\/section><section class=\"l-section wpb_row us_custom_968b8e72 hide_on_mobiles height_auto\" id=\"formulario-escritorio\"><div class=\"l-section-h i-cf\"><div class=\"g-cols vc_row via_grid cols_1 laptops-cols_inherit tablets-cols_inherit mobiles-cols_1 valign_top type_default stacking_default\"><div class=\"wpb_column vc_column_container\"><div class=\"vc_column-inner\">\n<div class=\"wpcf7 no-js\" id=\"wpcf7-f10433-o1\" lang=\"es-ES\" dir=\"ltr\" data-wpcf7-id=\"10433\">\n<div class=\"screen-reader-response\"><p role=\"status\" aria-live=\"polite\" aria-atomic=\"true\"><\/p> <ul><\/ul><\/div>\n<form action=\"\/index.php\/wp-json\/wp\/v2\/pages\/10294#wpcf7-f10433-o1\" method=\"post\" class=\"wpcf7-form init\" aria-label=\"Formulario de contacto\" novalidate=\"novalidate\" data-status=\"init\">\n<fieldset class=\"hidden-fields-container\"><input type=\"hidden\" name=\"_wpcf7\" value=\"10433\" \/><input type=\"hidden\" name=\"_wpcf7_version\" value=\"6.1.5\" \/><input type=\"hidden\" name=\"_wpcf7_locale\" value=\"es_ES\" \/><input type=\"hidden\" name=\"_wpcf7_unit_tag\" value=\"wpcf7-f10433-o1\" \/><input type=\"hidden\" name=\"_wpcf7_container_post\" value=\"0\" \/><input type=\"hidden\" name=\"_wpcf7_posted_data_hash\" value=\"\" \/><input type=\"hidden\" name=\"_wpcf7_recaptcha_response\" value=\"\" \/>\n<\/fieldset>\n<p><label> Nombre<br \/>\n<span class=\"wpcf7-form-control-wrap\" data-name=\"your-name\"><input size=\"40\" maxlength=\"400\" class=\"wpcf7-form-control wpcf7-text wpcf7-validates-as-required\" autocomplete=\"name\" aria-required=\"true\" aria-invalid=\"false\" value=\"\" type=\"text\" name=\"your-name\" \/><\/span> <\/label>\n<\/p>\n<p><label> Telefono<br \/>\n<span class=\"wpcf7-form-control-wrap\" data-name=\"tel-608\"><input size=\"40\" maxlength=\"400\" class=\"wpcf7-form-control wpcf7-tel wpcf7-validates-as-required wpcf7-text wpcf7-validates-as-tel\" aria-required=\"true\" aria-invalid=\"false\" value=\"\" type=\"tel\" name=\"tel-608\" \/><\/span> <\/label>\n<\/p>\n<p><label> Correo electr\u00f3nico<br \/>\n<span class=\"wpcf7-form-control-wrap\" data-name=\"your-email\"><input size=\"40\" maxlength=\"400\" class=\"wpcf7-form-control wpcf7-email wpcf7-validates-as-required wpcf7-text wpcf7-validates-as-email\" autocomplete=\"email\" aria-required=\"true\" aria-invalid=\"false\" value=\"\" type=\"email\" name=\"your-email\" \/><\/span> <\/label>\n<\/p>\n<p><label> Mensaje<br \/>\n<span class=\"wpcf7-form-control-wrap\" data-name=\"your-message\"><textarea cols=\"40\" rows=\"10\" maxlength=\"2000\" class=\"wpcf7-form-control wpcf7-textarea\" aria-invalid=\"false\" name=\"your-message\"><\/textarea><\/span> <\/label>\n<\/p>\n<p><input class=\"wpcf7-form-control wpcf7-submit has-spinner\" type=\"submit\" value=\"Enviar\" \/>\n<\/p><p style=\"display: none !important;\" class=\"akismet-fields-container\" data-prefix=\"_wpcf7_ak_\"><label>&#916;<textarea name=\"_wpcf7_ak_hp_textarea\" cols=\"45\" rows=\"8\" maxlength=\"100\"><\/textarea><\/label><input type=\"hidden\" id=\"ak_js_1\" name=\"_wpcf7_ak_js\" value=\"78\"\/><script>document.getElementById( \"ak_js_1\" ).setAttribute( \"value\", ( new Date() ).getTime() );<\/script><\/p><div class=\"wpcf7-response-output\" aria-hidden=\"true\"><\/div>\n<\/form>\n<\/div>\n<\/div><\/div><\/div><\/div><\/section><section class=\"l-section wpb_row hide_on_default hide_on_laptops hide_on_tablets height_auto\" id=\"formulario-movil\"><div class=\"l-section-h i-cf\"><div class=\"g-cols vc_row via_grid cols_5-1 laptops-cols_inherit tablets-cols_inherit mobiles-cols_1 valign_top type_default stacking_default\"><div class=\"wpb_column vc_column_container\"><div class=\"vc_column-inner\">\n<div class=\"wpcf7 no-js\" id=\"wpcf7-f10433-o2\" lang=\"es-ES\" dir=\"ltr\" data-wpcf7-id=\"10433\">\n<div class=\"screen-reader-response\"><p role=\"status\" aria-live=\"polite\" aria-atomic=\"true\"><\/p> <ul><\/ul><\/div>\n<form action=\"\/index.php\/wp-json\/wp\/v2\/pages\/10294#wpcf7-f10433-o2\" method=\"post\" class=\"wpcf7-form init\" aria-label=\"Formulario de contacto\" novalidate=\"novalidate\" data-status=\"init\">\n<fieldset class=\"hidden-fields-container\"><input type=\"hidden\" name=\"_wpcf7\" value=\"10433\" \/><input type=\"hidden\" name=\"_wpcf7_version\" value=\"6.1.5\" \/><input type=\"hidden\" name=\"_wpcf7_locale\" value=\"es_ES\" \/><input type=\"hidden\" name=\"_wpcf7_unit_tag\" value=\"wpcf7-f10433-o2\" \/><input type=\"hidden\" name=\"_wpcf7_container_post\" value=\"0\" \/><input type=\"hidden\" name=\"_wpcf7_posted_data_hash\" value=\"\" \/><input type=\"hidden\" name=\"_wpcf7_recaptcha_response\" value=\"\" \/>\n<\/fieldset>\n<p><label> Nombre<br \/>\n<span class=\"wpcf7-form-control-wrap\" data-name=\"your-name\"><input size=\"40\" maxlength=\"400\" class=\"wpcf7-form-control wpcf7-text wpcf7-validates-as-required\" autocomplete=\"name\" aria-required=\"true\" aria-invalid=\"false\" value=\"\" type=\"text\" name=\"your-name\" \/><\/span> <\/label>\n<\/p>\n<p><label> Telefono<br \/>\n<span class=\"wpcf7-form-control-wrap\" data-name=\"tel-608\"><input size=\"40\" maxlength=\"400\" class=\"wpcf7-form-control wpcf7-tel wpcf7-validates-as-required wpcf7-text wpcf7-validates-as-tel\" aria-required=\"true\" aria-invalid=\"false\" value=\"\" type=\"tel\" name=\"tel-608\" \/><\/span> <\/label>\n<\/p>\n<p><label> Correo electr\u00f3nico<br \/>\n<span class=\"wpcf7-form-control-wrap\" data-name=\"your-email\"><input size=\"40\" maxlength=\"400\" class=\"wpcf7-form-control wpcf7-email wpcf7-validates-as-required wpcf7-text wpcf7-validates-as-email\" autocomplete=\"email\" aria-required=\"true\" aria-invalid=\"false\" value=\"\" type=\"email\" name=\"your-email\" \/><\/span> <\/label>\n<\/p>\n<p><label> Mensaje<br \/>\n<span class=\"wpcf7-form-control-wrap\" data-name=\"your-message\"><textarea cols=\"40\" rows=\"10\" maxlength=\"2000\" class=\"wpcf7-form-control wpcf7-textarea\" aria-invalid=\"false\" name=\"your-message\"><\/textarea><\/span> <\/label>\n<\/p>\n<p><input class=\"wpcf7-form-control wpcf7-submit has-spinner\" type=\"submit\" value=\"Enviar\" \/>\n<\/p><p style=\"display: none !important;\" class=\"akismet-fields-container\" data-prefix=\"_wpcf7_ak_\"><label>&#916;<textarea name=\"_wpcf7_ak_hp_textarea\" cols=\"45\" rows=\"8\" maxlength=\"100\"><\/textarea><\/label><input type=\"hidden\" id=\"ak_js_2\" name=\"_wpcf7_ak_js\" value=\"214\"\/><script>document.getElementById( \"ak_js_2\" ).setAttribute( \"value\", ( new Date() ).getTime() );<\/script><\/p><div class=\"wpcf7-response-output\" aria-hidden=\"true\"><\/div>\n<\/form>\n<\/div>\n<\/div><\/div><div class=\"wpb_column vc_column_container\"><div class=\"vc_column-inner\"><\/div><\/div><\/div><\/div><\/section>\n","protected":false},"excerpt":{"rendered":"Este tipo de evaluaci\u00f3n tiene como enfoque principalmente a aquellas personas que realizan trabajos en condiciones ambientales relativamente favorables y cuyo lugar de trabajo no exige condiciones de salud demasiado estrictas. Detecta posibles riesgos que pudieran generar algunas enfermedades cardiovasculares.","protected":false},"author":3,"featured_media":0,"parent":0,"menu_order":0,"comment_status":"closed","ping_status":"closed","template":"","meta":{"inline_featured_image":false,"footnotes":""},"class_list":["post-10294","page","type-page","status-publish","hentry"],"yoast_head":"<!-- This site is optimized with the Yoast SEO plugin v27.4 - https:\/\/yoast.com\/product\/yoast-seo-wordpress\/ -->\n<title>Ex\u00e1menes para Manufactura | Inside<\/title>\n<meta name=\"robots\" content=\"index, follow, max-snippet:-1, max-image-preview:large, max-video-preview:-1\" \/>\n<link rel=\"canonical\" href=\"https:\/\/www.insidesalud.cl\/manufactura\/\" \/>\n<meta property=\"og:locale\" content=\"es_ES\" \/>\n<meta property=\"og:type\" content=\"article\" \/>\n<meta property=\"og:title\" content=\"Ex\u00e1menes para Manufactura | Inside\" \/>\n<meta property=\"og:url\" content=\"https:\/\/www.insidesalud.cl\/manufactura\/\" \/>\n<meta property=\"og:site_name\" content=\"Centro de Salud Laboral Inside\" \/>\n<meta property=\"article:modified_time\" content=\"2026-04-03T14:32:55+00:00\" \/>\n<meta name=\"twitter:card\" content=\"summary_large_image\" \/>\n<meta name=\"twitter:label1\" content=\"Tiempo de lectura\" \/>\n\t<meta name=\"twitter:data1\" content=\"1 minuto\" \/>\n<script type=\"application\/ld+json\" class=\"yoast-schema-graph\">{\"@context\":\"https:\\\/\\\/schema.org\",\"@graph\":[{\"@type\":\"WebPage\",\"@id\":\"https:\\\/\\\/www.insidesalud.cl\\\/manufactura\\\/\",\"url\":\"https:\\\/\\\/www.insidesalud.cl\\\/manufactura\\\/\",\"name\":\"Ex\u00e1menes para Manufactura | Inside\",\"isPartOf\":{\"@id\":\"https:\\\/\\\/www.insidesalud.cl\\\/#website\"},\"datePublished\":\"2024-05-28T21:34:12+00:00\",\"dateModified\":\"2026-04-03T14:32:55+00:00\",\"breadcrumb\":{\"@id\":\"https:\\\/\\\/www.insidesalud.cl\\\/manufactura\\\/#breadcrumb\"},\"inLanguage\":\"es\",\"potentialAction\":[{\"@type\":\"ReadAction\",\"target\":[\"https:\\\/\\\/www.insidesalud.cl\\\/manufactura\\\/\"]}]},{\"@type\":\"BreadcrumbList\",\"@id\":\"https:\\\/\\\/www.insidesalud.cl\\\/manufactura\\\/#breadcrumb\",\"itemListElement\":[{\"@type\":\"ListItem\",\"position\":1,\"name\":\"Portada\",\"item\":\"https:\\\/\\\/www.insidesalud.cl\\\/\"},{\"@type\":\"ListItem\",\"position\":2,\"name\":\"Ex\u00e1menes para Manufactura\"}]},{\"@type\":\"WebSite\",\"@id\":\"https:\\\/\\\/www.insidesalud.cl\\\/#website\",\"url\":\"https:\\\/\\\/www.insidesalud.cl\\\/\",\"name\":\"Centro de Salud Laboral Inside\",\"description\":\"Salud laboral, Ex\u00e1menes Preocupacionales, Psicosensot\u00e9cnicos Rigurosos, Ex\u00e1menes De Drogas, Radiograf\u00eda Digital Con Interpretaci\u00f3n Oit, Laboratorio Cl\u00ednico, Electrocardiograma, Espirometr\u00edas, VIII Par, Capacitaciones Altura F\u00edsica\",\"publisher\":{\"@id\":\"https:\\\/\\\/www.insidesalud.cl\\\/#organization\"},\"potentialAction\":[{\"@type\":\"SearchAction\",\"target\":{\"@type\":\"EntryPoint\",\"urlTemplate\":\"https:\\\/\\\/www.insidesalud.cl\\\/?s={search_term_string}\"},\"query-input\":{\"@type\":\"PropertyValueSpecification\",\"valueRequired\":true,\"valueName\":\"search_term_string\"}}],\"inLanguage\":\"es\"},{\"@type\":\"Organization\",\"@id\":\"https:\\\/\\\/www.insidesalud.cl\\\/#organization\",\"name\":\"Centro de Salud Laboral Inside\",\"url\":\"https:\\\/\\\/www.insidesalud.cl\\\/\",\"logo\":{\"@type\":\"ImageObject\",\"inLanguage\":\"es\",\"@id\":\"https:\\\/\\\/www.insidesalud.cl\\\/#\\\/schema\\\/logo\\\/image\\\/\",\"url\":\"https:\\\/\\\/www.insidesalud.cl\\\/wp-content\\\/uploads\\\/2017\\\/07\\\/inside-salud-chile.png\",\"contentUrl\":\"https:\\\/\\\/www.insidesalud.cl\\\/wp-content\\\/uploads\\\/2017\\\/07\\\/inside-salud-chile.png\",\"width\":260,\"height\":140,\"caption\":\"Centro de Salud Laboral Inside\"},\"image\":{\"@id\":\"https:\\\/\\\/www.insidesalud.cl\\\/#\\\/schema\\\/logo\\\/image\\\/\"}}]}<\/script>\n<!-- \/ Yoast SEO plugin. -->","yoast_head_json":{"title":"Ex\u00e1menes para Manufactura | Inside","robots":{"index":"index","follow":"follow","max-snippet":"max-snippet:-1","max-image-preview":"max-image-preview:large","max-video-preview":"max-video-preview:-1"},"canonical":"https:\/\/www.insidesalud.cl\/manufactura\/","og_locale":"es_ES","og_type":"article","og_title":"Ex\u00e1menes para Manufactura | Inside","og_url":"https:\/\/www.insidesalud.cl\/manufactura\/","og_site_name":"Centro de Salud Laboral Inside","article_modified_time":"2026-04-03T14:32:55+00:00","twitter_card":"summary_large_image","twitter_misc":{"Tiempo de lectura":"1 minuto"},"schema":{"@context":"https:\/\/schema.org","@graph":[{"@type":"WebPage","@id":"https:\/\/www.insidesalud.cl\/manufactura\/","url":"https:\/\/www.insidesalud.cl\/manufactura\/","name":"Ex\u00e1menes para Manufactura | Inside","isPartOf":{"@id":"https:\/\/www.insidesalud.cl\/#website"},"datePublished":"2024-05-28T21:34:12+00:00","dateModified":"2026-04-03T14:32:55+00:00","breadcrumb":{"@id":"https:\/\/www.insidesalud.cl\/manufactura\/#breadcrumb"},"inLanguage":"es","potentialAction":[{"@type":"ReadAction","target":["https:\/\/www.insidesalud.cl\/manufactura\/"]}]},{"@type":"BreadcrumbList","@id":"https:\/\/www.insidesalud.cl\/manufactura\/#breadcrumb","itemListElement":[{"@type":"ListItem","position":1,"name":"Portada","item":"https:\/\/www.insidesalud.cl\/"},{"@type":"ListItem","position":2,"name":"Ex\u00e1menes para Manufactura"}]},{"@type":"WebSite","@id":"https:\/\/www.insidesalud.cl\/#website","url":"https:\/\/www.insidesalud.cl\/","name":"Centro de Salud Laboral Inside","description":"Salud laboral, Ex\u00e1menes Preocupacionales, Psicosensot\u00e9cnicos Rigurosos, Ex\u00e1menes De Drogas, Radiograf\u00eda Digital Con Interpretaci\u00f3n Oit, Laboratorio Cl\u00ednico, Electrocardiograma, Espirometr\u00edas, VIII Par, Capacitaciones Altura F\u00edsica","publisher":{"@id":"https:\/\/www.insidesalud.cl\/#organization"},"potentialAction":[{"@type":"SearchAction","target":{"@type":"EntryPoint","urlTemplate":"https:\/\/www.insidesalud.cl\/?s={search_term_string}"},"query-input":{"@type":"PropertyValueSpecification","valueRequired":true,"valueName":"search_term_string"}}],"inLanguage":"es"},{"@type":"Organization","@id":"https:\/\/www.insidesalud.cl\/#organization","name":"Centro de Salud Laboral Inside","url":"https:\/\/www.insidesalud.cl\/","logo":{"@type":"ImageObject","inLanguage":"es","@id":"https:\/\/www.insidesalud.cl\/#\/schema\/logo\/image\/","url":"https:\/\/www.insidesalud.cl\/wp-content\/uploads\/2017\/07\/inside-salud-chile.png","contentUrl":"https:\/\/www.insidesalud.cl\/wp-content\/uploads\/2017\/07\/inside-salud-chile.png","width":260,"height":140,"caption":"Centro de Salud Laboral Inside"},"image":{"@id":"https:\/\/www.insidesalud.cl\/#\/schema\/logo\/image\/"}}]}},"_links":{"self":[{"href":"https:\/\/www.insidesalud.cl\/wp-json\/wp\/v2\/pages\/10294","targetHints":{"allow":["GET"]}}],"collection":[{"href":"https:\/\/www.insidesalud.cl\/wp-json\/wp\/v2\/pages"}],"about":[{"href":"https:\/\/www.insidesalud.cl\/wp-json\/wp\/v2\/types\/page"}],"author":[{"embeddable":true,"href":"https:\/\/www.insidesalud.cl\/wp-json\/wp\/v2\/users\/3"}],"replies":[{"embeddable":true,"href":"https:\/\/www.insidesalud.cl\/wp-json\/wp\/v2\/comments?post=10294"}],"version-history":[{"count":12,"href":"https:\/\/www.insidesalud.cl\/wp-json\/wp\/v2\/pages\/10294\/revisions"}],"predecessor-version":[{"id":11328,"href":"https:\/\/www.insidesalud.cl\/wp-json\/wp\/v2\/pages\/10294\/revisions\/11328"}],"wp:attachment":[{"href":"https:\/\/www.insidesalud.cl\/wp-json\/wp\/v2\/media?parent=10294"}],"curies":[{"name":"wp","href":"https:\/\/api.w.org\/{rel}","templated":true}]}}