{"id":8945,"date":"2023-03-16T12:13:27","date_gmt":"2023-03-16T12:13:27","guid":{"rendered":"http:\/\/bioplagas.srtv.cl\/?page_id=8945"},"modified":"2023-03-16T12:29:13","modified_gmt":"2023-03-16T12:29:13","slug":"portada","status":"publish","type":"page","link":"https:\/\/www.insidesalud.cl\/portada\/","title":{"rendered":"Portada"},"content":{"rendered":"<section class=\"l-section wpb_row height_custom with_img\"><div class=\"l-section-img lazyload\" role=\"img\" data-img-width=\"1920\" data-img-height=\"1000\" style=\"background-image:inherit;\" data-bg-image=\"url(https:\/\/www.insidesalud.cl\/wp-content\/uploads\/2023\/03\/slide1.jpg)\"><\/div><div class=\"l-section-h i-cf\"><div class=\"g-cols vc_row via_grid cols_1 laptops-cols_inherit tablets-cols_inherit mobiles-cols_1 valign_top type_default stacking_default\"><div class=\"wpb_column vc_column_container\"><div class=\"vc_column-inner\"><div class=\"w-image align_center\"><div class=\"w-image-h\"><img decoding=\"async\" width=\"300\" height=\"152\" data-src=\"https:\/\/www.insidesalud.cl\/wp-content\/uploads\/2017\/07\/LogoBioplagas2-300x152.png\" class=\"attachment-medium size-medium lazyload\" alt=\"\" data-srcset=\"https:\/\/www.insidesalud.cl\/wp-content\/uploads\/2017\/07\/LogoBioplagas2-300x152.png 300w, https:\/\/www.insidesalud.cl\/wp-content\/uploads\/2017\/07\/LogoBioplagas2.png 592w\" data-sizes=\"auto, (max-width: 300px) 100vw, 300px\" src=\"data:image\/svg+xml;base64,PHN2ZyB3aWR0aD0iMSIgaGVpZ2h0PSIxIiB4bWxucz0iaHR0cDovL3d3dy53My5vcmcvMjAwMC9zdmciPjwvc3ZnPg==\" style=\"--smush-placeholder-width: 300px; --smush-placeholder-aspect-ratio: 300\/152;\" \/><\/div><\/div><div class=\"w-separator size_large\"><\/div><div class=\"w-separator size_large\"><\/div><div class=\"g-cols wpb_row via_grid cols_2 laptops-cols_inherit tablets-cols_inherit mobiles-cols_1 valign_top type_default stacking_default\" style=\"--gap:3rem;\"><div class=\"wpb_column vc_column_container us_custom_3516ab11 has_bg_color\"><div class=\"vc_column-inner\"><div class=\"w-separator size_huge\"><\/div><div class=\"wpb_text_column us_custom_8b3d6790 has_text_color\"><div class=\"wpb_wrapper\"><h2>Bio Plagas Hogar<\/h2>\n<p>texto simulado<\/p>\n<\/div><\/div><div class=\"w-separator size_large\"><\/div><div class=\"w-btn-wrapper align_none\"><a class=\"w-btn us-btn-style_1\" href=\"#\"><span class=\"w-btn-label\">Descubrir m\u00e1s<\/span><\/a><\/div><\/div><\/div><div class=\"wpb_column vc_column_container us_custom_5490cd6f has_bg_color\"><div class=\"vc_column-inner\"><div class=\"w-separator size_huge\"><\/div><div class=\"wpb_text_column us_custom_8b3d6790 has_text_color\"><div class=\"wpb_wrapper\"><h2>Bio Plagas Hogar<\/h2>\n<p>texto simulado<\/p>\n<\/div><\/div><div class=\"w-separator size_large\"><\/div><div class=\"w-btn-wrapper align_none\"><a class=\"w-btn us-btn-style_1\" href=\"#\"><span class=\"w-btn-label\">Descubrir m\u00e1s<\/span><\/a><\/div><\/div><\/div><\/div><\/div><\/div><\/div><\/div><\/section>\n","protected":false},"excerpt":{"rendered":"Bio Plagas Hogar texto simulado Descubrir m\u00e1sBio Plagas Hogar texto simulado Descubrir m\u00e1s","protected":false},"author":3,"featured_media":0,"parent":0,"menu_order":0,"comment_status":"closed","ping_status":"closed","template":"","meta":{"inline_featured_image":false,"footnotes":""},"class_list":["post-8945","page","type-page","status-publish","hentry"],"yoast_head":"<!-- This site is optimized with the Yoast SEO plugin v27.4 - https:\/\/yoast.com\/product\/yoast-seo-wordpress\/ -->\n<title>Portada | Inside<\/title>\n<meta name=\"robots\" content=\"index, follow, max-snippet:-1, max-image-preview:large, max-video-preview:-1\" \/>\n<link rel=\"canonical\" href=\"https:\/\/www.insidesalud.cl\/portada\/\" \/>\n<meta property=\"og:locale\" content=\"es_ES\" \/>\n<meta property=\"og:type\" content=\"article\" \/>\n<meta property=\"og:title\" content=\"Portada | Inside\" \/>\n<meta property=\"og:url\" content=\"https:\/\/www.insidesalud.cl\/portada\/\" \/>\n<meta property=\"og:site_name\" content=\"Centro de Salud Laboral Inside\" \/>\n<meta property=\"article:modified_time\" content=\"2023-03-16T12:29:13+00:00\" \/>\n<meta name=\"twitter:card\" content=\"summary_large_image\" \/>\n<meta name=\"twitter:label1\" content=\"Tiempo de lectura\" \/>\n\t<meta name=\"twitter:data1\" content=\"1 minuto\" \/>\n<script type=\"application\/ld+json\" class=\"yoast-schema-graph\">{\"@context\":\"https:\\\/\\\/schema.org\",\"@graph\":[{\"@type\":\"WebPage\",\"@id\":\"https:\\\/\\\/www.insidesalud.cl\\\/portada\\\/\",\"url\":\"https:\\\/\\\/www.insidesalud.cl\\\/portada\\\/\",\"name\":\"Portada | Inside\",\"isPartOf\":{\"@id\":\"https:\\\/\\\/www.insidesalud.cl\\\/#website\"},\"datePublished\":\"2023-03-16T12:13:27+00:00\",\"dateModified\":\"2023-03-16T12:29:13+00:00\",\"breadcrumb\":{\"@id\":\"https:\\\/\\\/www.insidesalud.cl\\\/portada\\\/#breadcrumb\"},\"inLanguage\":\"es\",\"potentialAction\":[{\"@type\":\"ReadAction\",\"target\":[\"https:\\\/\\\/www.insidesalud.cl\\\/portada\\\/\"]}]},{\"@type\":\"BreadcrumbList\",\"@id\":\"https:\\\/\\\/www.insidesalud.cl\\\/portada\\\/#breadcrumb\",\"itemListElement\":[{\"@type\":\"ListItem\",\"position\":1,\"name\":\"Portada\",\"item\":\"https:\\\/\\\/www.insidesalud.cl\\\/\"},{\"@type\":\"ListItem\",\"position\":2,\"name\":\"Portada\"}]},{\"@type\":\"WebSite\",\"@id\":\"https:\\\/\\\/www.insidesalud.cl\\\/#website\",\"url\":\"https:\\\/\\\/www.insidesalud.cl\\\/\",\"name\":\"Centro de Salud Laboral Inside\",\"description\":\"Salud laboral, Ex\u00e1menes Preocupacionales, Psicosensot\u00e9cnicos Rigurosos, Ex\u00e1menes De Drogas, Radiograf\u00eda Digital Con Interpretaci\u00f3n Oit, Laboratorio Cl\u00ednico, Electrocardiograma, Espirometr\u00edas, VIII Par, Capacitaciones Altura F\u00edsica\",\"publisher\":{\"@id\":\"https:\\\/\\\/www.insidesalud.cl\\\/#organization\"},\"potentialAction\":[{\"@type\":\"SearchAction\",\"target\":{\"@type\":\"EntryPoint\",\"urlTemplate\":\"https:\\\/\\\/www.insidesalud.cl\\\/?s={search_term_string}\"},\"query-input\":{\"@type\":\"PropertyValueSpecification\",\"valueRequired\":true,\"valueName\":\"search_term_string\"}}],\"inLanguage\":\"es\"},{\"@type\":\"Organization\",\"@id\":\"https:\\\/\\\/www.insidesalud.cl\\\/#organization\",\"name\":\"Centro de Salud Laboral Inside\",\"url\":\"https:\\\/\\\/www.insidesalud.cl\\\/\",\"logo\":{\"@type\":\"ImageObject\",\"inLanguage\":\"es\",\"@id\":\"https:\\\/\\\/www.insidesalud.cl\\\/#\\\/schema\\\/logo\\\/image\\\/\",\"url\":\"https:\\\/\\\/www.insidesalud.cl\\\/wp-content\\\/uploads\\\/2017\\\/07\\\/inside-salud-chile.png\",\"contentUrl\":\"https:\\\/\\\/www.insidesalud.cl\\\/wp-content\\\/uploads\\\/2017\\\/07\\\/inside-salud-chile.png\",\"width\":260,\"height\":140,\"caption\":\"Centro de Salud Laboral Inside\"},\"image\":{\"@id\":\"https:\\\/\\\/www.insidesalud.cl\\\/#\\\/schema\\\/logo\\\/image\\\/\"}}]}<\/script>\n<!-- \/ Yoast SEO plugin. -->","yoast_head_json":{"title":"Portada | Inside","robots":{"index":"index","follow":"follow","max-snippet":"max-snippet:-1","max-image-preview":"max-image-preview:large","max-video-preview":"max-video-preview:-1"},"canonical":"https:\/\/www.insidesalud.cl\/portada\/","og_locale":"es_ES","og_type":"article","og_title":"Portada | Inside","og_url":"https:\/\/www.insidesalud.cl\/portada\/","og_site_name":"Centro de Salud Laboral Inside","article_modified_time":"2023-03-16T12:29:13+00:00","twitter_card":"summary_large_image","twitter_misc":{"Tiempo de lectura":"1 minuto"},"schema":{"@context":"https:\/\/schema.org","@graph":[{"@type":"WebPage","@id":"https:\/\/www.insidesalud.cl\/portada\/","url":"https:\/\/www.insidesalud.cl\/portada\/","name":"Portada | Inside","isPartOf":{"@id":"https:\/\/www.insidesalud.cl\/#website"},"datePublished":"2023-03-16T12:13:27+00:00","dateModified":"2023-03-16T12:29:13+00:00","breadcrumb":{"@id":"https:\/\/www.insidesalud.cl\/portada\/#breadcrumb"},"inLanguage":"es","potentialAction":[{"@type":"ReadAction","target":["https:\/\/www.insidesalud.cl\/portada\/"]}]},{"@type":"BreadcrumbList","@id":"https:\/\/www.insidesalud.cl\/portada\/#breadcrumb","itemListElement":[{"@type":"ListItem","position":1,"name":"Portada","item":"https:\/\/www.insidesalud.cl\/"},{"@type":"ListItem","position":2,"name":"Portada"}]},{"@type":"WebSite","@id":"https:\/\/www.insidesalud.cl\/#website","url":"https:\/\/www.insidesalud.cl\/","name":"Centro de Salud Laboral Inside","description":"Salud laboral, Ex\u00e1menes Preocupacionales, Psicosensot\u00e9cnicos Rigurosos, Ex\u00e1menes De Drogas, Radiograf\u00eda Digital Con Interpretaci\u00f3n Oit, Laboratorio Cl\u00ednico, Electrocardiograma, Espirometr\u00edas, VIII Par, Capacitaciones Altura F\u00edsica","publisher":{"@id":"https:\/\/www.insidesalud.cl\/#organization"},"potentialAction":[{"@type":"SearchAction","target":{"@type":"EntryPoint","urlTemplate":"https:\/\/www.insidesalud.cl\/?s={search_term_string}"},"query-input":{"@type":"PropertyValueSpecification","valueRequired":true,"valueName":"search_term_string"}}],"inLanguage":"es"},{"@type":"Organization","@id":"https:\/\/www.insidesalud.cl\/#organization","name":"Centro de Salud Laboral Inside","url":"https:\/\/www.insidesalud.cl\/","logo":{"@type":"ImageObject","inLanguage":"es","@id":"https:\/\/www.insidesalud.cl\/#\/schema\/logo\/image\/","url":"https:\/\/www.insidesalud.cl\/wp-content\/uploads\/2017\/07\/inside-salud-chile.png","contentUrl":"https:\/\/www.insidesalud.cl\/wp-content\/uploads\/2017\/07\/inside-salud-chile.png","width":260,"height":140,"caption":"Centro de Salud Laboral Inside"},"image":{"@id":"https:\/\/www.insidesalud.cl\/#\/schema\/logo\/image\/"}}]}},"_links":{"self":[{"href":"https:\/\/www.insidesalud.cl\/wp-json\/wp\/v2\/pages\/8945","targetHints":{"allow":["GET"]}}],"collection":[{"href":"https:\/\/www.insidesalud.cl\/wp-json\/wp\/v2\/pages"}],"about":[{"href":"https:\/\/www.insidesalud.cl\/wp-json\/wp\/v2\/types\/page"}],"author":[{"embeddable":true,"href":"https:\/\/www.insidesalud.cl\/wp-json\/wp\/v2\/users\/3"}],"replies":[{"embeddable":true,"href":"https:\/\/www.insidesalud.cl\/wp-json\/wp\/v2\/comments?post=8945"}],"version-history":[{"count":19,"href":"https:\/\/www.insidesalud.cl\/wp-json\/wp\/v2\/pages\/8945\/revisions"}],"predecessor-version":[{"id":8965,"href":"https:\/\/www.insidesalud.cl\/wp-json\/wp\/v2\/pages\/8945\/revisions\/8965"}],"wp:attachment":[{"href":"https:\/\/www.insidesalud.cl\/wp-json\/wp\/v2\/media?parent=8945"}],"curies":[{"name":"wp","href":"https:\/\/api.w.org\/{rel}","templated":true}]}}