{"id":9104,"date":"2023-03-21T20:00:20","date_gmt":"2023-03-21T20:00:20","guid":{"rendered":"http:\/\/bioplagas.srtv.cl\/?page_id=9104"},"modified":"2023-03-21T20:02:12","modified_gmt":"2023-03-21T20:02:12","slug":"empresa","status":"publish","type":"page","link":"https:\/\/www.insidesalud.cl\/empresa\/","title":{"rendered":"Empresa"},"content":{"rendered":"<section class=\"l-section wpb_row height_custom\"><div class=\"l-section-h i-cf\"><div class=\"g-cols vc_row via_grid cols_2-1 laptops-cols_inherit tablets-cols_inherit mobiles-cols_1 valign_top type_default stacking_default\"><div class=\"wpb_column vc_column_container\"><div class=\"vc_column-inner\"><div class=\"wpb_text_column\"><div class=\"wpb_wrapper\"><h3>Bioplagas<\/h3>\n<p>Empresa de Servicios de Control Integrado de Plagas, Con Resoluci\u00f3n Sanitaria SEREMI.<\/p>\n<p>10 a\u00f1os de Experiencia<\/p>\n<\/div><\/div><div class=\"w-separator size_small\"><\/div><div class=\"w-image align_center\"><a ref=\"magnificPopup\" href=\"https:\/\/www.insidesalud.cl\/wp-content\/uploads\/2023\/03\/certificado.png\" aria-label=\"certificado\" class=\"w-image-h\"><img decoding=\"async\" width=\"875\" height=\"294\" data-src=\"https:\/\/www.insidesalud.cl\/wp-content\/uploads\/2023\/03\/certificado.png\" class=\"attachment-full size-full lazyload\" alt=\"\" data-srcset=\"https:\/\/www.insidesalud.cl\/wp-content\/uploads\/2023\/03\/certificado.png 875w, https:\/\/www.insidesalud.cl\/wp-content\/uploads\/2023\/03\/certificado-300x101.png 300w, https:\/\/www.insidesalud.cl\/wp-content\/uploads\/2023\/03\/certificado-600x202.png 600w, https:\/\/www.insidesalud.cl\/wp-content\/uploads\/2023\/03\/certificado-650x218.png 650w\" data-sizes=\"auto, (max-width: 875px) 100vw, 875px\" src=\"data:image\/svg+xml;base64,PHN2ZyB3aWR0aD0iMSIgaGVpZ2h0PSIxIiB4bWxucz0iaHR0cDovL3d3dy53My5vcmcvMjAwMC9zdmciPjwvc3ZnPg==\" style=\"--smush-placeholder-width: 875px; --smush-placeholder-aspect-ratio: 875\/294;\" \/><\/a><\/div><\/div><\/div><div class=\"wpb_column vc_column_container\"><div class=\"vc_column-inner\"><div class=\"w-image align_center\"><a ref=\"magnificPopup\" href=\"https:\/\/www.insidesalud.cl\/wp-content\/uploads\/2023\/03\/nosotros.png\" aria-label=\"nosotros\" class=\"w-image-h\"><img decoding=\"async\" width=\"698\" height=\"482\" data-src=\"https:\/\/www.insidesalud.cl\/wp-content\/uploads\/2023\/03\/nosotros.png\" class=\"attachment-full size-full lazyload\" alt=\"\" data-srcset=\"https:\/\/www.insidesalud.cl\/wp-content\/uploads\/2023\/03\/nosotros.png 698w, https:\/\/www.insidesalud.cl\/wp-content\/uploads\/2023\/03\/nosotros-300x207.png 300w, https:\/\/www.insidesalud.cl\/wp-content\/uploads\/2023\/03\/nosotros-600x414.png 600w, https:\/\/www.insidesalud.cl\/wp-content\/uploads\/2023\/03\/nosotros-650x449.png 650w\" data-sizes=\"auto, (max-width: 698px) 100vw, 698px\" src=\"data:image\/svg+xml;base64,PHN2ZyB3aWR0aD0iMSIgaGVpZ2h0PSIxIiB4bWxucz0iaHR0cDovL3d3dy53My5vcmcvMjAwMC9zdmciPjwvc3ZnPg==\" style=\"--smush-placeholder-width: 698px; --smush-placeholder-aspect-ratio: 698\/482;\" \/><\/a><\/div><\/div><\/div><\/div><\/div><\/section>\n","protected":false},"excerpt":{"rendered":"Bioplagas Empresa de Servicios de Control Integrado de Plagas, Con Resoluci\u00f3n Sanitaria SEREMI. 10 a\u00f1os de Experiencia","protected":false},"author":3,"featured_media":0,"parent":0,"menu_order":0,"comment_status":"closed","ping_status":"closed","template":"","meta":{"inline_featured_image":false,"footnotes":""},"class_list":["post-9104","page","type-page","status-publish","hentry"],"yoast_head":"<!-- This site is optimized with the Yoast SEO plugin v27.4 - https:\/\/yoast.com\/product\/yoast-seo-wordpress\/ -->\n<title>Empresa | Inside<\/title>\n<meta name=\"robots\" content=\"index, follow, max-snippet:-1, max-image-preview:large, max-video-preview:-1\" \/>\n<link rel=\"canonical\" href=\"https:\/\/www.insidesalud.cl\/empresa\/\" \/>\n<meta property=\"og:locale\" content=\"es_ES\" \/>\n<meta property=\"og:type\" content=\"article\" \/>\n<meta property=\"og:title\" content=\"Empresa | Inside\" \/>\n<meta property=\"og:url\" content=\"https:\/\/www.insidesalud.cl\/empresa\/\" \/>\n<meta property=\"og:site_name\" content=\"Centro de Salud Laboral Inside\" \/>\n<meta property=\"article:modified_time\" content=\"2023-03-21T20:02:12+00:00\" \/>\n<meta name=\"twitter:card\" content=\"summary_large_image\" \/>\n<script type=\"application\/ld+json\" class=\"yoast-schema-graph\">{\"@context\":\"https:\\\/\\\/schema.org\",\"@graph\":[{\"@type\":\"WebPage\",\"@id\":\"https:\\\/\\\/www.insidesalud.cl\\\/empresa\\\/\",\"url\":\"https:\\\/\\\/www.insidesalud.cl\\\/empresa\\\/\",\"name\":\"Empresa | Inside\",\"isPartOf\":{\"@id\":\"https:\\\/\\\/www.insidesalud.cl\\\/#website\"},\"datePublished\":\"2023-03-21T20:00:20+00:00\",\"dateModified\":\"2023-03-21T20:02:12+00:00\",\"breadcrumb\":{\"@id\":\"https:\\\/\\\/www.insidesalud.cl\\\/empresa\\\/#breadcrumb\"},\"inLanguage\":\"es\",\"potentialAction\":[{\"@type\":\"ReadAction\",\"target\":[\"https:\\\/\\\/www.insidesalud.cl\\\/empresa\\\/\"]}]},{\"@type\":\"BreadcrumbList\",\"@id\":\"https:\\\/\\\/www.insidesalud.cl\\\/empresa\\\/#breadcrumb\",\"itemListElement\":[{\"@type\":\"ListItem\",\"position\":1,\"name\":\"Portada\",\"item\":\"https:\\\/\\\/www.insidesalud.cl\\\/\"},{\"@type\":\"ListItem\",\"position\":2,\"name\":\"Empresa\"}]},{\"@type\":\"WebSite\",\"@id\":\"https:\\\/\\\/www.insidesalud.cl\\\/#website\",\"url\":\"https:\\\/\\\/www.insidesalud.cl\\\/\",\"name\":\"Centro de Salud Laboral Inside\",\"description\":\"Salud laboral, Ex\u00e1menes Preocupacionales, Psicosensot\u00e9cnicos Rigurosos, Ex\u00e1menes De Drogas, Radiograf\u00eda Digital Con Interpretaci\u00f3n Oit, Laboratorio Cl\u00ednico, Electrocardiograma, Espirometr\u00edas, VIII Par, Capacitaciones Altura F\u00edsica\",\"publisher\":{\"@id\":\"https:\\\/\\\/www.insidesalud.cl\\\/#organization\"},\"potentialAction\":[{\"@type\":\"SearchAction\",\"target\":{\"@type\":\"EntryPoint\",\"urlTemplate\":\"https:\\\/\\\/www.insidesalud.cl\\\/?s={search_term_string}\"},\"query-input\":{\"@type\":\"PropertyValueSpecification\",\"valueRequired\":true,\"valueName\":\"search_term_string\"}}],\"inLanguage\":\"es\"},{\"@type\":\"Organization\",\"@id\":\"https:\\\/\\\/www.insidesalud.cl\\\/#organization\",\"name\":\"Centro de Salud Laboral Inside\",\"url\":\"https:\\\/\\\/www.insidesalud.cl\\\/\",\"logo\":{\"@type\":\"ImageObject\",\"inLanguage\":\"es\",\"@id\":\"https:\\\/\\\/www.insidesalud.cl\\\/#\\\/schema\\\/logo\\\/image\\\/\",\"url\":\"https:\\\/\\\/www.insidesalud.cl\\\/wp-content\\\/uploads\\\/2017\\\/07\\\/inside-salud-chile.png\",\"contentUrl\":\"https:\\\/\\\/www.insidesalud.cl\\\/wp-content\\\/uploads\\\/2017\\\/07\\\/inside-salud-chile.png\",\"width\":260,\"height\":140,\"caption\":\"Centro de Salud Laboral Inside\"},\"image\":{\"@id\":\"https:\\\/\\\/www.insidesalud.cl\\\/#\\\/schema\\\/logo\\\/image\\\/\"}}]}<\/script>\n<!-- \/ Yoast SEO plugin. -->","yoast_head_json":{"title":"Empresa | Inside","robots":{"index":"index","follow":"follow","max-snippet":"max-snippet:-1","max-image-preview":"max-image-preview:large","max-video-preview":"max-video-preview:-1"},"canonical":"https:\/\/www.insidesalud.cl\/empresa\/","og_locale":"es_ES","og_type":"article","og_title":"Empresa | Inside","og_url":"https:\/\/www.insidesalud.cl\/empresa\/","og_site_name":"Centro de Salud Laboral Inside","article_modified_time":"2023-03-21T20:02:12+00:00","twitter_card":"summary_large_image","schema":{"@context":"https:\/\/schema.org","@graph":[{"@type":"WebPage","@id":"https:\/\/www.insidesalud.cl\/empresa\/","url":"https:\/\/www.insidesalud.cl\/empresa\/","name":"Empresa | Inside","isPartOf":{"@id":"https:\/\/www.insidesalud.cl\/#website"},"datePublished":"2023-03-21T20:00:20+00:00","dateModified":"2023-03-21T20:02:12+00:00","breadcrumb":{"@id":"https:\/\/www.insidesalud.cl\/empresa\/#breadcrumb"},"inLanguage":"es","potentialAction":[{"@type":"ReadAction","target":["https:\/\/www.insidesalud.cl\/empresa\/"]}]},{"@type":"BreadcrumbList","@id":"https:\/\/www.insidesalud.cl\/empresa\/#breadcrumb","itemListElement":[{"@type":"ListItem","position":1,"name":"Portada","item":"https:\/\/www.insidesalud.cl\/"},{"@type":"ListItem","position":2,"name":"Empresa"}]},{"@type":"WebSite","@id":"https:\/\/www.insidesalud.cl\/#website","url":"https:\/\/www.insidesalud.cl\/","name":"Centro de Salud Laboral Inside","description":"Salud laboral, Ex\u00e1menes Preocupacionales, Psicosensot\u00e9cnicos Rigurosos, Ex\u00e1menes De Drogas, Radiograf\u00eda Digital Con Interpretaci\u00f3n Oit, Laboratorio Cl\u00ednico, Electrocardiograma, Espirometr\u00edas, VIII Par, Capacitaciones Altura F\u00edsica","publisher":{"@id":"https:\/\/www.insidesalud.cl\/#organization"},"potentialAction":[{"@type":"SearchAction","target":{"@type":"EntryPoint","urlTemplate":"https:\/\/www.insidesalud.cl\/?s={search_term_string}"},"query-input":{"@type":"PropertyValueSpecification","valueRequired":true,"valueName":"search_term_string"}}],"inLanguage":"es"},{"@type":"Organization","@id":"https:\/\/www.insidesalud.cl\/#organization","name":"Centro de Salud Laboral Inside","url":"https:\/\/www.insidesalud.cl\/","logo":{"@type":"ImageObject","inLanguage":"es","@id":"https:\/\/www.insidesalud.cl\/#\/schema\/logo\/image\/","url":"https:\/\/www.insidesalud.cl\/wp-content\/uploads\/2017\/07\/inside-salud-chile.png","contentUrl":"https:\/\/www.insidesalud.cl\/wp-content\/uploads\/2017\/07\/inside-salud-chile.png","width":260,"height":140,"caption":"Centro de Salud Laboral Inside"},"image":{"@id":"https:\/\/www.insidesalud.cl\/#\/schema\/logo\/image\/"}}]}},"_links":{"self":[{"href":"https:\/\/www.insidesalud.cl\/wp-json\/wp\/v2\/pages\/9104","targetHints":{"allow":["GET"]}}],"collection":[{"href":"https:\/\/www.insidesalud.cl\/wp-json\/wp\/v2\/pages"}],"about":[{"href":"https:\/\/www.insidesalud.cl\/wp-json\/wp\/v2\/types\/page"}],"author":[{"embeddable":true,"href":"https:\/\/www.insidesalud.cl\/wp-json\/wp\/v2\/users\/3"}],"replies":[{"embeddable":true,"href":"https:\/\/www.insidesalud.cl\/wp-json\/wp\/v2\/comments?post=9104"}],"version-history":[{"count":2,"href":"https:\/\/www.insidesalud.cl\/wp-json\/wp\/v2\/pages\/9104\/revisions"}],"predecessor-version":[{"id":9109,"href":"https:\/\/www.insidesalud.cl\/wp-json\/wp\/v2\/pages\/9104\/revisions\/9109"}],"wp:attachment":[{"href":"https:\/\/www.insidesalud.cl\/wp-json\/wp\/v2\/media?parent=9104"}],"curies":[{"name":"wp","href":"https:\/\/api.w.org\/{rel}","templated":true}]}}