{"id":9303,"date":"2024-01-10T12:49:18","date_gmt":"2024-01-10T12:49:18","guid":{"rendered":"https:\/\/www.insidesalud.cl\/?page_id=9303"},"modified":"2026-04-06T16:10:44","modified_gmt":"2026-04-06T19:10:44","slug":"inside-providencia","status":"publish","type":"page","link":"https:\/\/www.insidesalud.cl\/contacto\/inside-providencia\/","title":{"rendered":"Centro Santiago"},"content":{"rendered":"<section class=\"l-section wpb_row height_auto width_full\"><div class=\"l-section-h i-cf\"><div class=\"g-cols vc_row via_grid cols_1 laptops-cols_inherit tablets-cols_inherit mobiles-cols_1 valign_top type_default stacking_default\"><div class=\"wpb_column vc_column_container\"><div class=\"vc_column-inner\"><div class=\"w-html\"><\/div><\/div><\/div><\/div><\/div><\/section><section class=\"l-section wpb_row height_custom\"><div class=\"l-section-h i-cf\"><div class=\"g-cols vc_row via_grid cols_1 laptops-cols_inherit tablets-cols_inherit mobiles-cols_1 valign_top type_default stacking_default\"><div class=\"wpb_column vc_column_container\"><div class=\"vc_column-inner\"><div class=\"w-html us_custom_eb849559\"><iframe data-src=\"https:\/\/www.google.com\/maps\/embed?pb=!1m18!1m12!1m3!1d1664.6322009381468!2d-70.62608328515505!3d-33.44241738832497!2m3!1f0!2f0!3f0!3m2!1i1024!2i768!4f13.1!3m3!1m2!1s0x9662c57f99ba9eef%3A0x7ca8bd1efa06b01e!2sAv.%20Salvador%20985%2C%207501158%20Providencia%2C%20Regi%C3%B3n%20Metropolitana!5e0!3m2!1ses-419!2scl!4v1718830380656!5m2!1ses-419!2scl\" width=\"600\" height=\"450\" style=\"border:0;\" allowfullscreen=\"\" referrerpolicy=\"no-referrer-when-downgrade\" src=\"data:image\/svg+xml;base64,PHN2ZyB3aWR0aD0iMSIgaGVpZ2h0PSIxIiB4bWxucz0iaHR0cDovL3d3dy53My5vcmcvMjAwMC9zdmciPjwvc3ZnPg==\" class=\"lazyload\" data-load-mode=\"1\"><\/iframe><\/div><div class=\"w-separator size_small\"><\/div><div class=\"wpb_text_column us_custom_92a80353 has_text_color\"><div class=\"wpb_wrapper\"><h2><strong>SANTIAGO<\/strong><\/h2>\n<p><i class=\"fas fa-home\"><\/i>\u00a0Av. Salvador 985, Providencia, Chile.\u00a0<i class=\"fas fa-phone-alt\"><\/i> <a href=\"tel:+56939460739\">+56939460739<\/a> <i class=\"fas fa-envelope\"><\/i> insidesantiago@insidesalud.cl\u00a0<i class=\"fas fa-clock\"><\/i> Atenci\u00f3n Lunes a jueves de 08:00 a 18:00 y viernes de 08:00 a 17:00\u00a0<i class=\"fab fa-whatsapp\"><\/i> Whatsapp: +56939460739<\/p>\n<\/div><\/div><\/div><\/div><\/div><\/div><\/section>\n","protected":false},"excerpt":{"rendered":"SANTIAGO \u00a0Av. Salvador 985, Providencia, Chile.\u00a0 +56939460739 insidesantiago@insidesalud.cl\u00a0 Atenci\u00f3n Lunes a jueves de 08:00 a 18:00 y viernes de 08:00 a 17:00\u00a0 Whatsapp: +56939460739","protected":false},"author":3,"featured_media":0,"parent":8186,"menu_order":0,"comment_status":"closed","ping_status":"closed","template":"","meta":{"inline_featured_image":false,"footnotes":""},"class_list":["post-9303","page","type-page","status-publish","hentry"],"yoast_head":"<!-- This site is optimized with the Yoast SEO plugin v27.4 - https:\/\/yoast.com\/product\/yoast-seo-wordpress\/ -->\n<title>Centro Santiago | Inside<\/title>\n<meta name=\"robots\" content=\"index, follow, max-snippet:-1, max-image-preview:large, max-video-preview:-1\" \/>\n<link rel=\"canonical\" href=\"https:\/\/www.insidesalud.cl\/contacto\/inside-providencia\/\" \/>\n<meta property=\"og:locale\" content=\"es_ES\" \/>\n<meta property=\"og:type\" content=\"article\" \/>\n<meta property=\"og:title\" content=\"Centro Santiago | Inside\" \/>\n<meta property=\"og:url\" content=\"https:\/\/www.insidesalud.cl\/contacto\/inside-providencia\/\" \/>\n<meta property=\"og:site_name\" content=\"Centro de Salud Laboral Inside\" \/>\n<meta property=\"article:modified_time\" content=\"2026-04-06T19:10:44+00:00\" \/>\n<meta name=\"twitter:card\" content=\"summary_large_image\" \/>\n<meta name=\"twitter:label1\" content=\"Tiempo de lectura\" \/>\n\t<meta name=\"twitter:data1\" content=\"1 minuto\" \/>\n<script type=\"application\/ld+json\" class=\"yoast-schema-graph\">{\"@context\":\"https:\\\/\\\/schema.org\",\"@graph\":[{\"@type\":\"WebPage\",\"@id\":\"https:\\\/\\\/www.insidesalud.cl\\\/contacto\\\/inside-providencia\\\/\",\"url\":\"https:\\\/\\\/www.insidesalud.cl\\\/contacto\\\/inside-providencia\\\/\",\"name\":\"Centro Santiago | Inside\",\"isPartOf\":{\"@id\":\"https:\\\/\\\/www.insidesalud.cl\\\/#website\"},\"datePublished\":\"2024-01-10T12:49:18+00:00\",\"dateModified\":\"2026-04-06T19:10:44+00:00\",\"breadcrumb\":{\"@id\":\"https:\\\/\\\/www.insidesalud.cl\\\/contacto\\\/inside-providencia\\\/#breadcrumb\"},\"inLanguage\":\"es\",\"potentialAction\":[{\"@type\":\"ReadAction\",\"target\":[\"https:\\\/\\\/www.insidesalud.cl\\\/contacto\\\/inside-providencia\\\/\"]}]},{\"@type\":\"BreadcrumbList\",\"@id\":\"https:\\\/\\\/www.insidesalud.cl\\\/contacto\\\/inside-providencia\\\/#breadcrumb\",\"itemListElement\":[{\"@type\":\"ListItem\",\"position\":1,\"name\":\"Portada\",\"item\":\"https:\\\/\\\/www.insidesalud.cl\\\/\"},{\"@type\":\"ListItem\",\"position\":2,\"name\":\"Contacto\",\"item\":\"https:\\\/\\\/www.insidesalud.cl\\\/contacto\\\/\"},{\"@type\":\"ListItem\",\"position\":3,\"name\":\"Centro Santiago\"}]},{\"@type\":\"WebSite\",\"@id\":\"https:\\\/\\\/www.insidesalud.cl\\\/#website\",\"url\":\"https:\\\/\\\/www.insidesalud.cl\\\/\",\"name\":\"Centro de Salud Laboral Inside\",\"description\":\"Salud laboral, Ex\u00e1menes Preocupacionales, Psicosensot\u00e9cnicos Rigurosos, Ex\u00e1menes De Drogas, Radiograf\u00eda Digital Con Interpretaci\u00f3n Oit, Laboratorio Cl\u00ednico, Electrocardiograma, Espirometr\u00edas, VIII Par, Capacitaciones Altura F\u00edsica\",\"publisher\":{\"@id\":\"https:\\\/\\\/www.insidesalud.cl\\\/#organization\"},\"potentialAction\":[{\"@type\":\"SearchAction\",\"target\":{\"@type\":\"EntryPoint\",\"urlTemplate\":\"https:\\\/\\\/www.insidesalud.cl\\\/?s={search_term_string}\"},\"query-input\":{\"@type\":\"PropertyValueSpecification\",\"valueRequired\":true,\"valueName\":\"search_term_string\"}}],\"inLanguage\":\"es\"},{\"@type\":\"Organization\",\"@id\":\"https:\\\/\\\/www.insidesalud.cl\\\/#organization\",\"name\":\"Centro de Salud Laboral Inside\",\"url\":\"https:\\\/\\\/www.insidesalud.cl\\\/\",\"logo\":{\"@type\":\"ImageObject\",\"inLanguage\":\"es\",\"@id\":\"https:\\\/\\\/www.insidesalud.cl\\\/#\\\/schema\\\/logo\\\/image\\\/\",\"url\":\"https:\\\/\\\/www.insidesalud.cl\\\/wp-content\\\/uploads\\\/2017\\\/07\\\/inside-salud-chile.png\",\"contentUrl\":\"https:\\\/\\\/www.insidesalud.cl\\\/wp-content\\\/uploads\\\/2017\\\/07\\\/inside-salud-chile.png\",\"width\":260,\"height\":140,\"caption\":\"Centro de Salud Laboral Inside\"},\"image\":{\"@id\":\"https:\\\/\\\/www.insidesalud.cl\\\/#\\\/schema\\\/logo\\\/image\\\/\"}}]}<\/script>\n<!-- \/ Yoast SEO plugin. -->","yoast_head_json":{"title":"Centro Santiago | Inside","robots":{"index":"index","follow":"follow","max-snippet":"max-snippet:-1","max-image-preview":"max-image-preview:large","max-video-preview":"max-video-preview:-1"},"canonical":"https:\/\/www.insidesalud.cl\/contacto\/inside-providencia\/","og_locale":"es_ES","og_type":"article","og_title":"Centro Santiago | Inside","og_url":"https:\/\/www.insidesalud.cl\/contacto\/inside-providencia\/","og_site_name":"Centro de Salud Laboral Inside","article_modified_time":"2026-04-06T19:10:44+00:00","twitter_card":"summary_large_image","twitter_misc":{"Tiempo de lectura":"1 minuto"},"schema":{"@context":"https:\/\/schema.org","@graph":[{"@type":"WebPage","@id":"https:\/\/www.insidesalud.cl\/contacto\/inside-providencia\/","url":"https:\/\/www.insidesalud.cl\/contacto\/inside-providencia\/","name":"Centro Santiago | Inside","isPartOf":{"@id":"https:\/\/www.insidesalud.cl\/#website"},"datePublished":"2024-01-10T12:49:18+00:00","dateModified":"2026-04-06T19:10:44+00:00","breadcrumb":{"@id":"https:\/\/www.insidesalud.cl\/contacto\/inside-providencia\/#breadcrumb"},"inLanguage":"es","potentialAction":[{"@type":"ReadAction","target":["https:\/\/www.insidesalud.cl\/contacto\/inside-providencia\/"]}]},{"@type":"BreadcrumbList","@id":"https:\/\/www.insidesalud.cl\/contacto\/inside-providencia\/#breadcrumb","itemListElement":[{"@type":"ListItem","position":1,"name":"Portada","item":"https:\/\/www.insidesalud.cl\/"},{"@type":"ListItem","position":2,"name":"Contacto","item":"https:\/\/www.insidesalud.cl\/contacto\/"},{"@type":"ListItem","position":3,"name":"Centro Santiago"}]},{"@type":"WebSite","@id":"https:\/\/www.insidesalud.cl\/#website","url":"https:\/\/www.insidesalud.cl\/","name":"Centro de Salud Laboral Inside","description":"Salud laboral, Ex\u00e1menes Preocupacionales, Psicosensot\u00e9cnicos Rigurosos, Ex\u00e1menes De Drogas, Radiograf\u00eda Digital Con Interpretaci\u00f3n Oit, Laboratorio Cl\u00ednico, Electrocardiograma, Espirometr\u00edas, VIII Par, Capacitaciones Altura F\u00edsica","publisher":{"@id":"https:\/\/www.insidesalud.cl\/#organization"},"potentialAction":[{"@type":"SearchAction","target":{"@type":"EntryPoint","urlTemplate":"https:\/\/www.insidesalud.cl\/?s={search_term_string}"},"query-input":{"@type":"PropertyValueSpecification","valueRequired":true,"valueName":"search_term_string"}}],"inLanguage":"es"},{"@type":"Organization","@id":"https:\/\/www.insidesalud.cl\/#organization","name":"Centro de Salud Laboral Inside","url":"https:\/\/www.insidesalud.cl\/","logo":{"@type":"ImageObject","inLanguage":"es","@id":"https:\/\/www.insidesalud.cl\/#\/schema\/logo\/image\/","url":"https:\/\/www.insidesalud.cl\/wp-content\/uploads\/2017\/07\/inside-salud-chile.png","contentUrl":"https:\/\/www.insidesalud.cl\/wp-content\/uploads\/2017\/07\/inside-salud-chile.png","width":260,"height":140,"caption":"Centro de Salud Laboral Inside"},"image":{"@id":"https:\/\/www.insidesalud.cl\/#\/schema\/logo\/image\/"}}]}},"_links":{"self":[{"href":"https:\/\/www.insidesalud.cl\/wp-json\/wp\/v2\/pages\/9303","targetHints":{"allow":["GET"]}}],"collection":[{"href":"https:\/\/www.insidesalud.cl\/wp-json\/wp\/v2\/pages"}],"about":[{"href":"https:\/\/www.insidesalud.cl\/wp-json\/wp\/v2\/types\/page"}],"author":[{"embeddable":true,"href":"https:\/\/www.insidesalud.cl\/wp-json\/wp\/v2\/users\/3"}],"replies":[{"embeddable":true,"href":"https:\/\/www.insidesalud.cl\/wp-json\/wp\/v2\/comments?post=9303"}],"version-history":[{"count":12,"href":"https:\/\/www.insidesalud.cl\/wp-json\/wp\/v2\/pages\/9303\/revisions"}],"predecessor-version":[{"id":11349,"href":"https:\/\/www.insidesalud.cl\/wp-json\/wp\/v2\/pages\/9303\/revisions\/11349"}],"up":[{"embeddable":true,"href":"https:\/\/www.insidesalud.cl\/wp-json\/wp\/v2\/pages\/8186"}],"wp:attachment":[{"href":"https:\/\/www.insidesalud.cl\/wp-json\/wp\/v2\/media?parent=9303"}],"curies":[{"name":"wp","href":"https:\/\/api.w.org\/{rel}","templated":true}]}}