{"id":9546,"date":"2024-01-19T19:56:12","date_gmt":"2024-01-19T19:56:12","guid":{"rendered":"https:\/\/www.insidesalud.cl\/?page_id=9546"},"modified":"2024-01-31T14:04:16","modified_gmt":"2024-01-31T14:04:16","slug":"baterias","status":"publish","type":"page","link":"https:\/\/www.insidesalud.cl\/baterias\/","title":{"rendered":"Bater\u00edas"},"content":{"rendered":"<section class=\"l-section wpb_row height_small\"><div class=\"l-section-h i-cf\"><div class=\"g-cols vc_row via_grid cols_1 laptops-cols_inherit tablets-cols_inherit mobiles-cols_1 valign_top type_default stacking_default\"><div class=\"wpb_column vc_column_container\"><div class=\"vc_column-inner\"><div class=\"wpb_text_column us_custom_9c9eb04e has_text_color\"><div class=\"wpb_wrapper\"><h1 style=\"text-align: center; font-size: 30px;\"><strong>Bater\u00edas<\/strong><\/h1>\n<\/div><\/div><\/div><\/div><\/div><\/div><\/section><section class=\"l-section wpb_row height_small\"><div class=\"l-section-h i-cf\"><div class=\"g-cols vc_row via_grid cols_4 laptops-cols_inherit tablets-cols_inherit mobiles-cols_1 valign_top type_default stacking_default\"><div class=\"wpb_column vc_column_container\"><div class=\"vc_column-inner\"><div class=\"w-ibanner us_custom_eb849559 animation_phorcys ratio_1x1 easing_ease\"><div class=\"w-ibanner-h\"><div class=\"w-ibanner-image lazyload\" style=\"background-image:inherit\" data-bg-image=\"url(https:\/\/www.insidesalud.cl\/wp-content\/uploads\/2024\/01\/bateria-basica-768x1024.jpg)\"><\/div><div class=\"w-ibanner-content\"><div class=\"w-ibanner-content-h\"><h1 class=\"w-ibanner-title\" style=\"font-size:26px;\">Bater\u00eda B\u00e1sica<\/h1><div class=\"w-ibanner-desc\"><\/div><\/div><\/div><\/div><a href=\"\/index.php\/bateria-basica\/\" aria-label=\"Bater\u00eda B\u00e1sica\"><\/a><\/div><\/div><\/div><div class=\"wpb_column vc_column_container\"><div class=\"vc_column-inner\"><div class=\"w-ibanner us_custom_eb849559 animation_phorcys ratio_1x1 easing_ease\"><div class=\"w-ibanner-h\"><div class=\"w-ibanner-image lazyload\" style=\"background-image:inherit\" data-bg-image=\"url(https:\/\/www.insidesalud.cl\/wp-content\/uploads\/2024\/01\/bateria-altura-geografica.png)\"><\/div><div class=\"w-ibanner-content\"><div class=\"w-ibanner-content-h\"><h1 class=\"w-ibanner-title\" style=\"font-size:26px;\">Bater\u00eda Altura Geogr\u00e1fica<\/h1><div class=\"w-ibanner-desc\"><\/div><\/div><\/div><\/div><a href=\"\/index.php\/bateria-altura-geografica\/\" aria-label=\"Bater\u00eda Altura Geogr\u00e1fica\"><\/a><\/div><\/div><\/div><div class=\"wpb_column vc_column_container\"><div class=\"vc_column-inner\"><div class=\"w-ibanner us_custom_eb849559 animation_phorcys ratio_1x1 easing_ease\"><div class=\"w-ibanner-h\"><div class=\"w-ibanner-image lazyload\" style=\"background-image:inherit\" data-bg-image=\"url(https:\/\/www.insidesalud.cl\/wp-content\/uploads\/2024\/01\/bateria-gran-altura-geografica-1024x768.jpg)\"><\/div><div class=\"w-ibanner-content\"><div class=\"w-ibanner-content-h\"><h1 class=\"w-ibanner-title\" style=\"font-size:26px;\">Bater\u00eda Gran Altura Geogr\u00e1fica<\/h1><div class=\"w-ibanner-desc\"><\/div><\/div><\/div><\/div><a href=\"\/index.php\/bateria-altura-geografica-2\/\" aria-label=\"Bater\u00eda Gran Altura Geogr\u00e1fica\"><\/a><\/div><\/div><\/div><div class=\"wpb_column vc_column_container\"><div class=\"vc_column-inner\"><div class=\"w-ibanner us_custom_eb849559 animation_phorcys ratio_1x1 easing_ease\"><div class=\"w-ibanner-h\"><div class=\"w-ibanner-image lazyload\" style=\"background-image:inherit\" data-bg-image=\"url(https:\/\/www.insidesalud.cl\/wp-content\/uploads\/2024\/01\/bateria-altura-fisica.png)\"><\/div><div class=\"w-ibanner-content\"><div class=\"w-ibanner-content-h\"><h1 class=\"w-ibanner-title\" style=\"font-size:26px;\">Bater\u00eda Altura F\u00edsica<\/h1><div class=\"w-ibanner-desc\"><\/div><\/div><\/div><\/div><a href=\"\/index.php\/bateria-altura-fisica\/\" aria-label=\"Bater\u00eda Altura F\u00edsica\"><\/a><\/div><\/div><\/div><\/div><\/div><\/section><section class=\"l-section wpb_row height_small\"><div class=\"l-section-h i-cf\"><div class=\"g-cols vc_row via_grid cols_4 laptops-cols_inherit tablets-cols_inherit mobiles-cols_1 valign_top type_default stacking_default\"><div class=\"wpb_column vc_column_container\"><div class=\"vc_column-inner\"><div class=\"w-ibanner us_custom_eb849559 animation_phorcys ratio_1x1 easing_ease\"><div class=\"w-ibanner-h\"><div class=\"w-ibanner-image lazyload\" style=\"background-image:inherit\" data-bg-image=\"url(https:\/\/www.insidesalud.cl\/wp-content\/uploads\/2024\/01\/Espacios-Confinados.png)\"><\/div><div class=\"w-ibanner-content\"><div class=\"w-ibanner-content-h\"><h1 class=\"w-ibanner-title\" style=\"font-size:26px;\">Espacios Confinados<\/h1><div class=\"w-ibanner-desc\"><\/div><\/div><\/div><\/div><a href=\"\/index.php\/espacios-confinados\/\" aria-label=\"Espacios Confinados\"><\/a><\/div><\/div><\/div><div class=\"wpb_column vc_column_container\"><div class=\"vc_column-inner\"><div class=\"w-ibanner us_custom_eb849559 animation_phorcys ratio_1x1 easing_ease\"><div class=\"w-ibanner-h\"><div class=\"w-ibanner-image lazyload\" style=\"background-image:inherit\" data-bg-image=\"url(https:\/\/www.insidesalud.cl\/wp-content\/uploads\/2024\/01\/Exposicion-Al-Ruido.png)\"><\/div><div class=\"w-ibanner-content\"><div class=\"w-ibanner-content-h\"><h1 class=\"w-ibanner-title\" style=\"font-size:26px;\">Exposici\u00f3n al Ruido<\/h1><div class=\"w-ibanner-desc\"><\/div><\/div><\/div><\/div><a href=\"\/index.php\/exposicion-ruido\/\" aria-label=\"Exposici\u00f3n al Ruido\"><\/a><\/div><\/div><\/div><div class=\"wpb_column vc_column_container\"><div class=\"vc_column-inner\"><div class=\"w-ibanner us_custom_eb849559 animation_phorcys ratio_1x1 easing_ease\"><div class=\"w-ibanner-h\"><div class=\"w-ibanner-image lazyload\" style=\"background-image:inherit\" data-bg-image=\"url(https:\/\/www.insidesalud.cl\/wp-content\/uploads\/2024\/01\/Bateria-Minera-Centinela.png)\"><\/div><div class=\"w-ibanner-content\"><div class=\"w-ibanner-content-h\"><h1 class=\"w-ibanner-title\" style=\"font-size:26px;\">Bater\u00eda Minera Centinela<\/h1><div class=\"w-ibanner-desc\"><\/div><\/div><\/div><\/div><a href=\"\/index.php\/minera-centinela\/\" aria-label=\"Bater\u00eda Minera Centinela\"><\/a><\/div><\/div><\/div><div class=\"wpb_column vc_column_container\"><div class=\"vc_column-inner\"><div class=\"w-ibanner us_custom_eb849559 animation_phorcys ratio_1x1 easing_ease\"><div class=\"w-ibanner-h\"><div class=\"w-ibanner-image lazyload\" style=\"background-image:inherit\" data-bg-image=\"url(https:\/\/www.insidesalud.cl\/wp-content\/uploads\/2024\/01\/Bateria-Agentes-es-neumoconiogenos.png)\"><\/div><div class=\"w-ibanner-content\"><div class=\"w-ibanner-content-h\"><h1 class=\"w-ibanner-title\" style=\"font-size:26px;\">Bater\u00eda Agentes Neumoconi\u00f3genos<\/h1><div class=\"w-ibanner-desc\"><\/div><\/div><\/div><\/div><a href=\"\/index.php\/agentes-neumoconiogenos\/\" aria-label=\"Bater\u00eda Agentes Neumoconi\u00f3genos\"><\/a><\/div><\/div><\/div><\/div><\/div><\/section><section class=\"l-section wpb_row height_small\"><div class=\"l-section-h i-cf\"><div class=\"g-cols vc_row via_grid cols_4 laptops-cols_inherit tablets-cols_inherit mobiles-cols_1 valign_top type_default stacking_default\"><div class=\"wpb_column vc_column_container\"><div class=\"vc_column-inner\"><div class=\"w-ibanner us_custom_eb849559 animation_phorcys ratio_1x1 easing_ease\"><div class=\"w-ibanner-h\"><div class=\"w-ibanner-image lazyload\" style=\"background-image:inherit\" data-bg-image=\"url(https:\/\/www.insidesalud.cl\/wp-content\/uploads\/2024\/01\/Bateria-exposicion-a-agentes-asmaticos-1024x683.png)\"><\/div><div class=\"w-ibanner-content\"><div class=\"w-ibanner-content-h\"><h1 class=\"w-ibanner-title\" style=\"font-size:26px;\">Bater\u00eda Exposici\u00f3n a Agentes Asm\u00e1ticos<\/h1><div class=\"w-ibanner-desc\"><\/div><\/div><\/div><\/div><a href=\"\/index.php\/bateria-exposicion-agentes-asmaticos\/\" aria-label=\"Bater\u00eda Exposici\u00f3n a Agentes Asm\u00e1ticos\"><\/a><\/div><\/div><\/div><div class=\"wpb_column vc_column_container\"><div class=\"vc_column-inner\"><div class=\"w-ibanner us_custom_eb849559 animation_phorcys ratio_1x1 easing_ease\"><div class=\"w-ibanner-h\"><div class=\"w-ibanner-image lazyload\" style=\"background-image:inherit\" data-bg-image=\"url(https:\/\/www.insidesalud.cl\/wp-content\/uploads\/2024\/01\/Bateria-Mantos-Blancos-1024x770.png)\"><\/div><div class=\"w-ibanner-content\"><div class=\"w-ibanner-content-h\"><h1 class=\"w-ibanner-title\" style=\"font-size:26px;\">Bater\u00eda Mantos Blancos<\/h1><div class=\"w-ibanner-desc\"><\/div><\/div><\/div><\/div><a href=\"\/index.php\/bateria-mantos-blancos\/\" aria-label=\"Bater\u00eda Mantos Blancos\"><\/a><\/div><\/div><\/div><div class=\"wpb_column vc_column_container\"><div class=\"vc_column-inner\"><div class=\"w-ibanner us_custom_eb849559 animation_phorcys ratio_1x1 easing_ease\"><div class=\"w-ibanner-h\"><div class=\"w-ibanner-image lazyload\" style=\"background-image:inherit\" data-bg-image=\"url(https:\/\/www.insidesalud.cl\/wp-content\/uploads\/2024\/01\/Bateria-Arsenico.png)\"><\/div><div class=\"w-ibanner-content\"><div class=\"w-ibanner-content-h\"><h1 class=\"w-ibanner-title\" style=\"font-size:26px;\">Bater\u00eda Ars\u00e9nico<\/h1><div class=\"w-ibanner-desc\"><\/div><\/div><\/div><\/div><a href=\"\/index.php\/bateria-arsenico\/\" aria-label=\"Bater\u00eda Ars\u00e9nico\"><\/a><\/div><\/div><\/div><div class=\"wpb_column vc_column_container\"><div class=\"vc_column-inner\"><div class=\"w-ibanner us_custom_eb849559 animation_phorcys ratio_1x1 easing_ease\"><div class=\"w-ibanner-h\"><div class=\"w-ibanner-image lazyload\" style=\"background-image:inherit\" data-bg-image=\"url(https:\/\/www.insidesalud.cl\/wp-content\/uploads\/2024\/01\/Evaluacion-Psicosensometrica-1024x768.png)\"><\/div><div class=\"w-ibanner-content\"><div class=\"w-ibanner-content-h\"><h1 class=\"w-ibanner-title\" style=\"font-size:26px;\">Evaluaci\u00f3n Psicosensom\u00e9trica<\/h1><div class=\"w-ibanner-desc\"><\/div><\/div><\/div><\/div><a href=\"\/index.php\/evaluacion-psicosensometrica\/\" aria-label=\"Evaluaci\u00f3n Psicosensom\u00e9trica\"><\/a><\/div><\/div><\/div><\/div><\/div><\/section><section class=\"l-section wpb_row height_small\"><div class=\"l-section-h i-cf\"><div class=\"g-cols vc_row via_grid cols_4 laptops-cols_inherit tablets-cols_inherit mobiles-cols_1 valign_top type_default stacking_default\"><div class=\"wpb_column vc_column_container\"><div class=\"vc_column-inner\"><div class=\"w-ibanner us_custom_eb849559 animation_phorcys ratio_1x1 easing_ease\"><div class=\"w-ibanner-h\"><div class=\"w-ibanner-image lazyload\" style=\"background-image:inherit\" data-bg-image=\"url(https:\/\/www.insidesalud.cl\/wp-content\/uploads\/2024\/01\/Evaluacion-Psicolaboral.png)\"><\/div><div class=\"w-ibanner-content\"><div class=\"w-ibanner-content-h\"><h1 class=\"w-ibanner-title\" style=\"font-size:26px;\">Evaluaci\u00f3n Psicolaboral<\/h1><div class=\"w-ibanner-desc\"><\/div><\/div><\/div><\/div><a href=\"\/index.php\/evaluacion-psicolaboral\/\" aria-label=\"Evaluaci\u00f3n Psicolaboral\"><\/a><\/div><\/div><\/div><div class=\"wpb_column vc_column_container\"><div class=\"vc_column-inner\"><div class=\"w-ibanner us_custom_eb849559 animation_phorcys ratio_1x1 easing_ease\"><div class=\"w-ibanner-h\"><div class=\"w-ibanner-image lazyload\" style=\"background-image:inherit\" data-bg-image=\"url(https:\/\/www.insidesalud.cl\/wp-content\/uploads\/2024\/01\/Aversion-al-Riesgo-1024x684.png)\"><\/div><div class=\"w-ibanner-content\"><div class=\"w-ibanner-content-h\"><h1 class=\"w-ibanner-title\" style=\"font-size:26px;\">Aversi\u00f3n al Riesgo<\/h1><div class=\"w-ibanner-desc\"><\/div><\/div><\/div><\/div><a href=\"\/index.php\/aversion-riesgo\/\" aria-label=\"Aversi\u00f3n al Riesgo\"><\/a><\/div><\/div><\/div><div class=\"wpb_column vc_column_container\"><div class=\"vc_column-inner\"><div class=\"w-ibanner us_custom_eb849559 animation_phorcys ratio_1x1 easing_ease\"><div class=\"w-ibanner-h\"><div class=\"w-ibanner-image lazyload\" style=\"background-image:inherit\" data-bg-image=\"url(https:\/\/www.insidesalud.cl\/wp-content\/uploads\/2024\/01\/Indice-de-Framingham-1024x768.png)\"><\/div><div class=\"w-ibanner-content\"><div class=\"w-ibanner-content-h\"><h1 class=\"w-ibanner-title\" style=\"font-size:26px;\">\u00cdndice de Framingham<\/h1><div class=\"w-ibanner-desc\"><\/div><\/div><\/div><\/div><a href=\"\/index.php\/indice-framingham\/\" aria-label=\"\u00cdndice de Framingham\"><\/a><\/div><\/div><\/div><div class=\"wpb_column vc_column_container\"><div class=\"vc_column-inner\"><div class=\"w-ibanner us_custom_eb849559 animation_phorcys ratio_1x1 easing_ease\"><div class=\"w-ibanner-h\"><div class=\"w-ibanner-image lazyload\" style=\"background-image:inherit\" data-bg-image=\"url(https:\/\/www.insidesalud.cl\/wp-content\/uploads\/2024\/01\/Examen-de-Alcohol-y-Drogas.png)\"><\/div><div class=\"w-ibanner-content\"><div class=\"w-ibanner-content-h\"><h1 class=\"w-ibanner-title\" style=\"font-size:26px;\">Examen de Alcohol y Drogas<\/h1><div class=\"w-ibanner-desc\"><\/div><\/div><\/div><\/div><a href=\"\/index.php\/examen-alcohol-drogas\/\" aria-label=\"Examen de Alcohol y Drogas\"><\/a><\/div><\/div><\/div><\/div><\/div><\/section>\n","protected":false},"excerpt":{"rendered":"Bater\u00edas Bater\u00eda B\u00e1sicaBater\u00eda Altura Geogr\u00e1ficaBater\u00eda Gran Altura Geogr\u00e1ficaBater\u00eda Altura F\u00edsicaEspacios ConfinadosExposici\u00f3n al RuidoBater\u00eda Minera CentinelaBater\u00eda Agentes Neumoconi\u00f3genosBater\u00eda Exposici\u00f3n a Agentes Asm\u00e1ticosBater\u00eda Mantos BlancosBater\u00eda Ars\u00e9nicoEvaluaci\u00f3n Psicosensom\u00e9tricaEvaluaci\u00f3n PsicolaboralAversi\u00f3n al Riesgo\u00cdndice de FraminghamExamen de Alcohol y Drogas","protected":false},"author":3,"featured_media":0,"parent":0,"menu_order":0,"comment_status":"closed","ping_status":"closed","template":"","meta":{"inline_featured_image":false,"footnotes":""},"class_list":["post-9546","page","type-page","status-publish","hentry"],"yoast_head":"<!-- This site is optimized with the Yoast SEO plugin v27.4 - https:\/\/yoast.com\/product\/yoast-seo-wordpress\/ -->\n<title>Bater\u00edas | Inside<\/title>\n<meta name=\"robots\" content=\"index, follow, max-snippet:-1, max-image-preview:large, max-video-preview:-1\" \/>\n<link rel=\"canonical\" href=\"https:\/\/www.insidesalud.cl\/baterias\/\" \/>\n<meta property=\"og:locale\" content=\"es_ES\" \/>\n<meta property=\"og:type\" content=\"article\" \/>\n<meta property=\"og:title\" content=\"Bater\u00edas | Inside\" \/>\n<meta property=\"og:url\" content=\"https:\/\/www.insidesalud.cl\/baterias\/\" \/>\n<meta property=\"og:site_name\" content=\"Centro de Salud Laboral Inside\" \/>\n<meta property=\"article:modified_time\" content=\"2024-01-31T14:04:16+00:00\" \/>\n<meta name=\"twitter:card\" content=\"summary_large_image\" \/>\n<meta name=\"twitter:label1\" content=\"Tiempo de lectura\" \/>\n\t<meta name=\"twitter:data1\" content=\"3 minutos\" \/>\n<script type=\"application\/ld+json\" class=\"yoast-schema-graph\">{\"@context\":\"https:\\\/\\\/schema.org\",\"@graph\":[{\"@type\":\"WebPage\",\"@id\":\"https:\\\/\\\/www.insidesalud.cl\\\/baterias\\\/\",\"url\":\"https:\\\/\\\/www.insidesalud.cl\\\/baterias\\\/\",\"name\":\"Bater\u00edas | Inside\",\"isPartOf\":{\"@id\":\"https:\\\/\\\/www.insidesalud.cl\\\/#website\"},\"datePublished\":\"2024-01-19T19:56:12+00:00\",\"dateModified\":\"2024-01-31T14:04:16+00:00\",\"breadcrumb\":{\"@id\":\"https:\\\/\\\/www.insidesalud.cl\\\/baterias\\\/#breadcrumb\"},\"inLanguage\":\"es\",\"potentialAction\":[{\"@type\":\"ReadAction\",\"target\":[\"https:\\\/\\\/www.insidesalud.cl\\\/baterias\\\/\"]}]},{\"@type\":\"BreadcrumbList\",\"@id\":\"https:\\\/\\\/www.insidesalud.cl\\\/baterias\\\/#breadcrumb\",\"itemListElement\":[{\"@type\":\"ListItem\",\"position\":1,\"name\":\"Portada\",\"item\":\"https:\\\/\\\/www.insidesalud.cl\\\/\"},{\"@type\":\"ListItem\",\"position\":2,\"name\":\"Bater\u00edas\"}]},{\"@type\":\"WebSite\",\"@id\":\"https:\\\/\\\/www.insidesalud.cl\\\/#website\",\"url\":\"https:\\\/\\\/www.insidesalud.cl\\\/\",\"name\":\"Centro de Salud Laboral Inside\",\"description\":\"Salud laboral, Ex\u00e1menes Preocupacionales, Psicosensot\u00e9cnicos Rigurosos, Ex\u00e1menes De Drogas, Radiograf\u00eda Digital Con Interpretaci\u00f3n Oit, Laboratorio Cl\u00ednico, Electrocardiograma, Espirometr\u00edas, VIII Par, Capacitaciones Altura F\u00edsica\",\"publisher\":{\"@id\":\"https:\\\/\\\/www.insidesalud.cl\\\/#organization\"},\"potentialAction\":[{\"@type\":\"SearchAction\",\"target\":{\"@type\":\"EntryPoint\",\"urlTemplate\":\"https:\\\/\\\/www.insidesalud.cl\\\/?s={search_term_string}\"},\"query-input\":{\"@type\":\"PropertyValueSpecification\",\"valueRequired\":true,\"valueName\":\"search_term_string\"}}],\"inLanguage\":\"es\"},{\"@type\":\"Organization\",\"@id\":\"https:\\\/\\\/www.insidesalud.cl\\\/#organization\",\"name\":\"Centro de Salud Laboral Inside\",\"url\":\"https:\\\/\\\/www.insidesalud.cl\\\/\",\"logo\":{\"@type\":\"ImageObject\",\"inLanguage\":\"es\",\"@id\":\"https:\\\/\\\/www.insidesalud.cl\\\/#\\\/schema\\\/logo\\\/image\\\/\",\"url\":\"https:\\\/\\\/www.insidesalud.cl\\\/wp-content\\\/uploads\\\/2017\\\/07\\\/inside-salud-chile.png\",\"contentUrl\":\"https:\\\/\\\/www.insidesalud.cl\\\/wp-content\\\/uploads\\\/2017\\\/07\\\/inside-salud-chile.png\",\"width\":260,\"height\":140,\"caption\":\"Centro de Salud Laboral Inside\"},\"image\":{\"@id\":\"https:\\\/\\\/www.insidesalud.cl\\\/#\\\/schema\\\/logo\\\/image\\\/\"}}]}<\/script>\n<!-- \/ Yoast SEO plugin. -->","yoast_head_json":{"title":"Bater\u00edas | Inside","robots":{"index":"index","follow":"follow","max-snippet":"max-snippet:-1","max-image-preview":"max-image-preview:large","max-video-preview":"max-video-preview:-1"},"canonical":"https:\/\/www.insidesalud.cl\/baterias\/","og_locale":"es_ES","og_type":"article","og_title":"Bater\u00edas | Inside","og_url":"https:\/\/www.insidesalud.cl\/baterias\/","og_site_name":"Centro de Salud Laboral Inside","article_modified_time":"2024-01-31T14:04:16+00:00","twitter_card":"summary_large_image","twitter_misc":{"Tiempo de lectura":"3 minutos"},"schema":{"@context":"https:\/\/schema.org","@graph":[{"@type":"WebPage","@id":"https:\/\/www.insidesalud.cl\/baterias\/","url":"https:\/\/www.insidesalud.cl\/baterias\/","name":"Bater\u00edas | Inside","isPartOf":{"@id":"https:\/\/www.insidesalud.cl\/#website"},"datePublished":"2024-01-19T19:56:12+00:00","dateModified":"2024-01-31T14:04:16+00:00","breadcrumb":{"@id":"https:\/\/www.insidesalud.cl\/baterias\/#breadcrumb"},"inLanguage":"es","potentialAction":[{"@type":"ReadAction","target":["https:\/\/www.insidesalud.cl\/baterias\/"]}]},{"@type":"BreadcrumbList","@id":"https:\/\/www.insidesalud.cl\/baterias\/#breadcrumb","itemListElement":[{"@type":"ListItem","position":1,"name":"Portada","item":"https:\/\/www.insidesalud.cl\/"},{"@type":"ListItem","position":2,"name":"Bater\u00edas"}]},{"@type":"WebSite","@id":"https:\/\/www.insidesalud.cl\/#website","url":"https:\/\/www.insidesalud.cl\/","name":"Centro de Salud Laboral Inside","description":"Salud laboral, Ex\u00e1menes Preocupacionales, Psicosensot\u00e9cnicos Rigurosos, Ex\u00e1menes De Drogas, Radiograf\u00eda Digital Con Interpretaci\u00f3n Oit, Laboratorio Cl\u00ednico, Electrocardiograma, Espirometr\u00edas, VIII Par, Capacitaciones Altura F\u00edsica","publisher":{"@id":"https:\/\/www.insidesalud.cl\/#organization"},"potentialAction":[{"@type":"SearchAction","target":{"@type":"EntryPoint","urlTemplate":"https:\/\/www.insidesalud.cl\/?s={search_term_string}"},"query-input":{"@type":"PropertyValueSpecification","valueRequired":true,"valueName":"search_term_string"}}],"inLanguage":"es"},{"@type":"Organization","@id":"https:\/\/www.insidesalud.cl\/#organization","name":"Centro de Salud Laboral Inside","url":"https:\/\/www.insidesalud.cl\/","logo":{"@type":"ImageObject","inLanguage":"es","@id":"https:\/\/www.insidesalud.cl\/#\/schema\/logo\/image\/","url":"https:\/\/www.insidesalud.cl\/wp-content\/uploads\/2017\/07\/inside-salud-chile.png","contentUrl":"https:\/\/www.insidesalud.cl\/wp-content\/uploads\/2017\/07\/inside-salud-chile.png","width":260,"height":140,"caption":"Centro de Salud Laboral Inside"},"image":{"@id":"https:\/\/www.insidesalud.cl\/#\/schema\/logo\/image\/"}}]}},"_links":{"self":[{"href":"https:\/\/www.insidesalud.cl\/wp-json\/wp\/v2\/pages\/9546","targetHints":{"allow":["GET"]}}],"collection":[{"href":"https:\/\/www.insidesalud.cl\/wp-json\/wp\/v2\/pages"}],"about":[{"href":"https:\/\/www.insidesalud.cl\/wp-json\/wp\/v2\/types\/page"}],"author":[{"embeddable":true,"href":"https:\/\/www.insidesalud.cl\/wp-json\/wp\/v2\/users\/3"}],"replies":[{"embeddable":true,"href":"https:\/\/www.insidesalud.cl\/wp-json\/wp\/v2\/comments?post=9546"}],"version-history":[{"count":32,"href":"https:\/\/www.insidesalud.cl\/wp-json\/wp\/v2\/pages\/9546\/revisions"}],"predecessor-version":[{"id":10061,"href":"https:\/\/www.insidesalud.cl\/wp-json\/wp\/v2\/pages\/9546\/revisions\/10061"}],"wp:attachment":[{"href":"https:\/\/www.insidesalud.cl\/wp-json\/wp\/v2\/media?parent=9546"}],"curies":[{"name":"wp","href":"https:\/\/api.w.org\/{rel}","templated":true}]}}