{"id":9550,"date":"2024-01-19T19:56:52","date_gmt":"2024-01-19T19:56:52","guid":{"rendered":"https:\/\/www.insidesalud.cl\/?page_id=9550"},"modified":"2026-04-03T11:04:10","modified_gmt":"2026-04-03T14:04:10","slug":"radiografia-digital-con-interpretacion-oit","status":"publish","type":"page","link":"https:\/\/www.insidesalud.cl\/radiografia-digital-con-interpretacion-oit\/","title":{"rendered":"Radiograf\u00eda Digital con Interpretaci\u00f3n OIT"},"content":{"rendered":"<section class=\"l-section wpb_row height_custom\"><div class=\"l-section-h i-cf\"><div class=\"g-cols vc_row via_grid cols_1 laptops-cols_inherit tablets-cols_inherit mobiles-cols_1 valign_top type_default stacking_default\"><div class=\"wpb_column vc_column_container\"><div class=\"vc_column-inner\"><div class=\"wpb_text_column us_custom_5fcee79e has_text_color\"><div class=\"wpb_wrapper\"><h1 style=\"text-align: center; font-size: 30px;\"><strong>Radiograf\u00eda Digital con Interpretaci\u00f3n OIT<\/strong><\/h1>\n<\/div><\/div><\/div><\/div><\/div><\/div><\/section><section class=\"l-section wpb_row height_auto\"><div class=\"l-section-h i-cf\"><div class=\"g-cols vc_row via_grid cols_2 laptops-cols_inherit tablets-cols_inherit mobiles-cols_1 valign_top type_default reversed stacking_default\" style=\"--gap:6rem;\"><div class=\"wpb_column vc_column_container\"><div class=\"vc_column-inner\"><div class=\"wpb_text_column us_custom_4194feda\"><div class=\"wpb_wrapper\"><p>Esta t\u00e9cnica de imagen, de acuerdo a la Organizaci\u00f3n Internacional del Trabajo (OIT), se utiliza para evaluar las estructuras pulmonares y tor\u00e1cicas en busca de anomal\u00edas que podr\u00edan ser causadas por inhalaci\u00f3n de diversos polvos y\/o agentes neumoconi\u00f3genos. Permitiendo tanto la detecci\u00f3n de algunas enfermedades como tambi\u00e9n del seguimiento de estas.<\/p>\n<h3 style=\"font-size: 20px; font-weight: 600; margin: 0 0 10px 0;\">Reserva tu examen<\/h3>\n<\/div><\/div><div class=\" vc_custom_1775224894436 ubtn-ctn-left buttonCall\"><a class=\"ubtn-link ult-adjust-bottom-margin ubtn-left ubtn-normal buttonCall\" href=\"https:\/\/web.whatsapp.com\/send?phone=56978243472&text=Hola,%20me%20contacto%20por%20Radiografia%20Digital%20OIT.\" target=\"_blank\" rel=\"noopener\" ><button type=\"button\" id=\"ubtn-4271\"  class=\"ubtn ult-adjust-bottom-margin ult-responsive ubtn-normal ubtn-no-hover-bg  none  ubtn-sep-icon ubtn-sep-icon-at-left  ubtn-left   tooltip-69e5e76224e83\"  data-hover=\"#ffffff\" data-border-color=\"\" data-bg=\"#00ba4e\" data-hover-bg=\"#079600\" data-border-hover=\"\" data-shadow-hover=\"\" data-shadow-click=\"none\" data-shadow=\"\" data-shd-shadow=\"\"  data-ultimate-target='#ubtn-4271'  data-responsive-json-new='{\"font-size\":\"desktop:17px;\",\"line-height\":\"\"}'  style=\"font-weight:normal;border:none;background: #00ba4e;color: #ffffff;\"><span class=\"ubtn-data ubtn-icon\"><i class=\"Defaults-whatsapp\" style=\"font-size:28px;color:#ffffff;\"><\/i><\/span><span class=\"ubtn-hover\" style=\"background-color:#079600\"><\/span><span class=\"ubtn-data ubtn-text \" >Centro Santiago<\/span><\/button><\/a><\/div><div class=\" vc_custom_1775224905484 ubtn-ctn-left buttonCall\"><a class=\"ubtn-link ult-adjust-bottom-margin ubtn-left ubtn-normal buttonCall\" href=\"https:\/\/web.whatsapp.com\/send?phone=5696401962&text=Hola,%20me%20contacto%20por%20Radiografia%20Digital%20OIT.\" target=\"_blank\" rel=\"noopener\" ><button type=\"button\" id=\"ubtn-5200\"  class=\"ubtn ult-adjust-bottom-margin ult-responsive ubtn-normal ubtn-no-hover-bg  none  ubtn-sep-icon ubtn-sep-icon-at-left  ubtn-left   tooltip-69e5e76224f14\"  data-hover=\"#ffffff\" data-border-color=\"\" data-bg=\"#00ba4e\" data-hover-bg=\"#079600\" data-border-hover=\"\" data-shadow-hover=\"\" data-shadow-click=\"none\" data-shadow=\"\" data-shd-shadow=\"\"  data-ultimate-target='#ubtn-5200'  data-responsive-json-new='{\"font-size\":\"desktop:17px;\",\"line-height\":\"\"}'  style=\"font-weight:normal;border:none;background: #00ba4e;color: #ffffff;\"><span class=\"ubtn-data ubtn-icon\"><i class=\"Defaults-whatsapp\" style=\"font-size:28px;color:#ffffff;\"><\/i><\/span><span class=\"ubtn-hover\" style=\"background-color:#079600\"><\/span><span class=\"ubtn-data ubtn-text \" >Centro Calama<\/span><\/button><\/a><\/div><div class=\" vc_custom_1775224872164 ubtn-ctn-left buttonCall\"><a class=\"ubtn-link ult-adjust-bottom-margin ubtn-left ubtn-normal buttonCall\" href=\"https:\/\/web.whatsapp.com\/send?phone=5696401962&text=Hola,%20me%20contacto%20por%20Radiografia%20Digital%20OIT.\" target=\"_blank\" rel=\"noopener\" ><button type=\"button\" id=\"ubtn-9653\"  class=\"ubtn ult-adjust-bottom-margin ult-responsive ubtn-normal ubtn-no-hover-bg  none  ubtn-sep-icon ubtn-sep-icon-at-left  ubtn-left   tooltip-69e5e76224f61\"  data-hover=\"#ffffff\" data-border-color=\"\" data-bg=\"#00ba4e\" data-hover-bg=\"#079600\" data-border-hover=\"\" data-shadow-hover=\"\" data-shadow-click=\"none\" data-shadow=\"\" data-shd-shadow=\"\"  data-ultimate-target='#ubtn-9653'  data-responsive-json-new='{\"font-size\":\"desktop:17px;\",\"line-height\":\"\"}'  style=\"font-weight:normal;border:none;background: #00ba4e;color: #ffffff;\"><span class=\"ubtn-data ubtn-icon\"><i class=\"Defaults-whatsapp\" style=\"font-size:28px;color:#ffffff;\"><\/i><\/span><span class=\"ubtn-hover\" style=\"background-color:#079600\"><\/span><span class=\"ubtn-data ubtn-text \" >Centro Antofagasta<\/span><\/button><\/a><\/div><div class=\"w-separator size_custom\" style=\"height:40px\"><\/div><\/div><\/div><div class=\"wpb_column vc_column_container\"><div class=\"vc_column-inner\"><div class=\"w-image us_custom_163fc494 us_animate_this align_center\"><a ref=\"magnificPopup\" href=\"https:\/\/www.insidesalud.cl\/wp-content\/uploads\/2024\/02\/IMG-20240201-WA0021.jpg\" aria-label=\"Radiograf\u00eda digital con interpretaci\u00f3n OIT\" class=\"w-image-h\"><img decoding=\"async\" width=\"800\" height=\"480\" data-src=\"https:\/\/www.insidesalud.cl\/wp-content\/uploads\/2024\/02\/IMG-20240201-WA0021.jpg\" class=\"attachment-large size-large lazyload\" alt=\"Radiograf\u00eda digital con interpretaci\u00f3n OIT\" data-srcset=\"https:\/\/www.insidesalud.cl\/wp-content\/uploads\/2024\/02\/IMG-20240201-WA0021.jpg 800w, https:\/\/www.insidesalud.cl\/wp-content\/uploads\/2024\/02\/IMG-20240201-WA0021-300x180.jpg 300w, https:\/\/www.insidesalud.cl\/wp-content\/uploads\/2024\/02\/IMG-20240201-WA0021-600x360.jpg 600w, https:\/\/www.insidesalud.cl\/wp-content\/uploads\/2024\/02\/IMG-20240201-WA0021-650x390.jpg 650w\" data-sizes=\"auto, (max-width: 800px) 100vw, 800px\" src=\"data:image\/svg+xml;base64,PHN2ZyB3aWR0aD0iMSIgaGVpZ2h0PSIxIiB4bWxucz0iaHR0cDovL3d3dy53My5vcmcvMjAwMC9zdmciPjwvc3ZnPg==\" style=\"--smush-placeholder-width: 800px; --smush-placeholder-aspect-ratio: 800\/480;\" \/><\/a><\/div><div class=\"w-separator size_medium\"><\/div><\/div><\/div><\/div><\/div><\/section>\n","protected":false},"excerpt":{"rendered":"Radiograf\u00eda Digital con Interpretaci\u00f3n OIT Esta t\u00e9cnica de imagen, de acuerdo a la Organizaci\u00f3n Internacional del Trabajo (OIT), se utiliza para evaluar las estructuras pulmonares y tor\u00e1cicas en busca de anomal\u00edas que podr\u00edan ser causadas por inhalaci\u00f3n de diversos polvos y\/o agentes neumoconi\u00f3genos. Permitiendo tanto la detecci\u00f3n de algunas enfermedades como tambi\u00e9n del seguimiento de...","protected":false},"author":3,"featured_media":0,"parent":0,"menu_order":0,"comment_status":"closed","ping_status":"closed","template":"","meta":{"inline_featured_image":false,"footnotes":""},"class_list":["post-9550","page","type-page","status-publish","hentry"],"yoast_head":"<!-- This site is optimized with the Yoast SEO plugin v27.4 - https:\/\/yoast.com\/product\/yoast-seo-wordpress\/ -->\n<title>Radiograf\u00eda Digital con Interpretaci\u00f3n OIT | Inside<\/title>\n<meta name=\"robots\" content=\"index, follow, max-snippet:-1, max-image-preview:large, max-video-preview:-1\" \/>\n<link rel=\"canonical\" href=\"https:\/\/www.insidesalud.cl\/radiografia-digital-con-interpretacion-oit\/\" \/>\n<meta property=\"og:locale\" content=\"es_ES\" \/>\n<meta property=\"og:type\" content=\"article\" \/>\n<meta property=\"og:title\" content=\"Radiograf\u00eda Digital con Interpretaci\u00f3n OIT | Inside\" \/>\n<meta property=\"og:url\" content=\"https:\/\/www.insidesalud.cl\/radiografia-digital-con-interpretacion-oit\/\" \/>\n<meta property=\"og:site_name\" content=\"Centro de Salud Laboral Inside\" \/>\n<meta property=\"article:modified_time\" content=\"2026-04-03T14:04:10+00:00\" \/>\n<meta name=\"twitter:card\" content=\"summary_large_image\" \/>\n<meta name=\"twitter:label1\" content=\"Tiempo de lectura\" \/>\n\t<meta name=\"twitter:data1\" content=\"1 minuto\" \/>\n<script type=\"application\/ld+json\" class=\"yoast-schema-graph\">{\"@context\":\"https:\\\/\\\/schema.org\",\"@graph\":[{\"@type\":\"WebPage\",\"@id\":\"https:\\\/\\\/www.insidesalud.cl\\\/radiografia-digital-con-interpretacion-oit\\\/\",\"url\":\"https:\\\/\\\/www.insidesalud.cl\\\/radiografia-digital-con-interpretacion-oit\\\/\",\"name\":\"Radiograf\u00eda Digital con Interpretaci\u00f3n OIT | Inside\",\"isPartOf\":{\"@id\":\"https:\\\/\\\/www.insidesalud.cl\\\/#website\"},\"datePublished\":\"2024-01-19T19:56:52+00:00\",\"dateModified\":\"2026-04-03T14:04:10+00:00\",\"breadcrumb\":{\"@id\":\"https:\\\/\\\/www.insidesalud.cl\\\/radiografia-digital-con-interpretacion-oit\\\/#breadcrumb\"},\"inLanguage\":\"es\",\"potentialAction\":[{\"@type\":\"ReadAction\",\"target\":[\"https:\\\/\\\/www.insidesalud.cl\\\/radiografia-digital-con-interpretacion-oit\\\/\"]}]},{\"@type\":\"BreadcrumbList\",\"@id\":\"https:\\\/\\\/www.insidesalud.cl\\\/radiografia-digital-con-interpretacion-oit\\\/#breadcrumb\",\"itemListElement\":[{\"@type\":\"ListItem\",\"position\":1,\"name\":\"Portada\",\"item\":\"https:\\\/\\\/www.insidesalud.cl\\\/\"},{\"@type\":\"ListItem\",\"position\":2,\"name\":\"Radiograf\u00eda Digital con Interpretaci\u00f3n OIT\"}]},{\"@type\":\"WebSite\",\"@id\":\"https:\\\/\\\/www.insidesalud.cl\\\/#website\",\"url\":\"https:\\\/\\\/www.insidesalud.cl\\\/\",\"name\":\"Centro de Salud Laboral Inside\",\"description\":\"Salud laboral, Ex\u00e1menes Preocupacionales, Psicosensot\u00e9cnicos Rigurosos, Ex\u00e1menes De Drogas, Radiograf\u00eda Digital Con Interpretaci\u00f3n Oit, Laboratorio Cl\u00ednico, Electrocardiograma, Espirometr\u00edas, VIII Par, Capacitaciones Altura F\u00edsica\",\"publisher\":{\"@id\":\"https:\\\/\\\/www.insidesalud.cl\\\/#organization\"},\"potentialAction\":[{\"@type\":\"SearchAction\",\"target\":{\"@type\":\"EntryPoint\",\"urlTemplate\":\"https:\\\/\\\/www.insidesalud.cl\\\/?s={search_term_string}\"},\"query-input\":{\"@type\":\"PropertyValueSpecification\",\"valueRequired\":true,\"valueName\":\"search_term_string\"}}],\"inLanguage\":\"es\"},{\"@type\":\"Organization\",\"@id\":\"https:\\\/\\\/www.insidesalud.cl\\\/#organization\",\"name\":\"Centro de Salud Laboral Inside\",\"url\":\"https:\\\/\\\/www.insidesalud.cl\\\/\",\"logo\":{\"@type\":\"ImageObject\",\"inLanguage\":\"es\",\"@id\":\"https:\\\/\\\/www.insidesalud.cl\\\/#\\\/schema\\\/logo\\\/image\\\/\",\"url\":\"https:\\\/\\\/www.insidesalud.cl\\\/wp-content\\\/uploads\\\/2017\\\/07\\\/inside-salud-chile.png\",\"contentUrl\":\"https:\\\/\\\/www.insidesalud.cl\\\/wp-content\\\/uploads\\\/2017\\\/07\\\/inside-salud-chile.png\",\"width\":260,\"height\":140,\"caption\":\"Centro de Salud Laboral Inside\"},\"image\":{\"@id\":\"https:\\\/\\\/www.insidesalud.cl\\\/#\\\/schema\\\/logo\\\/image\\\/\"}}]}<\/script>\n<!-- \/ Yoast SEO plugin. -->","yoast_head_json":{"title":"Radiograf\u00eda Digital con Interpretaci\u00f3n OIT | Inside","robots":{"index":"index","follow":"follow","max-snippet":"max-snippet:-1","max-image-preview":"max-image-preview:large","max-video-preview":"max-video-preview:-1"},"canonical":"https:\/\/www.insidesalud.cl\/radiografia-digital-con-interpretacion-oit\/","og_locale":"es_ES","og_type":"article","og_title":"Radiograf\u00eda Digital con Interpretaci\u00f3n OIT | Inside","og_url":"https:\/\/www.insidesalud.cl\/radiografia-digital-con-interpretacion-oit\/","og_site_name":"Centro de Salud Laboral Inside","article_modified_time":"2026-04-03T14:04:10+00:00","twitter_card":"summary_large_image","twitter_misc":{"Tiempo de lectura":"1 minuto"},"schema":{"@context":"https:\/\/schema.org","@graph":[{"@type":"WebPage","@id":"https:\/\/www.insidesalud.cl\/radiografia-digital-con-interpretacion-oit\/","url":"https:\/\/www.insidesalud.cl\/radiografia-digital-con-interpretacion-oit\/","name":"Radiograf\u00eda Digital con Interpretaci\u00f3n OIT | Inside","isPartOf":{"@id":"https:\/\/www.insidesalud.cl\/#website"},"datePublished":"2024-01-19T19:56:52+00:00","dateModified":"2026-04-03T14:04:10+00:00","breadcrumb":{"@id":"https:\/\/www.insidesalud.cl\/radiografia-digital-con-interpretacion-oit\/#breadcrumb"},"inLanguage":"es","potentialAction":[{"@type":"ReadAction","target":["https:\/\/www.insidesalud.cl\/radiografia-digital-con-interpretacion-oit\/"]}]},{"@type":"BreadcrumbList","@id":"https:\/\/www.insidesalud.cl\/radiografia-digital-con-interpretacion-oit\/#breadcrumb","itemListElement":[{"@type":"ListItem","position":1,"name":"Portada","item":"https:\/\/www.insidesalud.cl\/"},{"@type":"ListItem","position":2,"name":"Radiograf\u00eda Digital con Interpretaci\u00f3n OIT"}]},{"@type":"WebSite","@id":"https:\/\/www.insidesalud.cl\/#website","url":"https:\/\/www.insidesalud.cl\/","name":"Centro de Salud Laboral Inside","description":"Salud laboral, Ex\u00e1menes Preocupacionales, Psicosensot\u00e9cnicos Rigurosos, Ex\u00e1menes De Drogas, Radiograf\u00eda Digital Con Interpretaci\u00f3n Oit, Laboratorio Cl\u00ednico, Electrocardiograma, Espirometr\u00edas, VIII Par, Capacitaciones Altura F\u00edsica","publisher":{"@id":"https:\/\/www.insidesalud.cl\/#organization"},"potentialAction":[{"@type":"SearchAction","target":{"@type":"EntryPoint","urlTemplate":"https:\/\/www.insidesalud.cl\/?s={search_term_string}"},"query-input":{"@type":"PropertyValueSpecification","valueRequired":true,"valueName":"search_term_string"}}],"inLanguage":"es"},{"@type":"Organization","@id":"https:\/\/www.insidesalud.cl\/#organization","name":"Centro de Salud Laboral Inside","url":"https:\/\/www.insidesalud.cl\/","logo":{"@type":"ImageObject","inLanguage":"es","@id":"https:\/\/www.insidesalud.cl\/#\/schema\/logo\/image\/","url":"https:\/\/www.insidesalud.cl\/wp-content\/uploads\/2017\/07\/inside-salud-chile.png","contentUrl":"https:\/\/www.insidesalud.cl\/wp-content\/uploads\/2017\/07\/inside-salud-chile.png","width":260,"height":140,"caption":"Centro de Salud Laboral Inside"},"image":{"@id":"https:\/\/www.insidesalud.cl\/#\/schema\/logo\/image\/"}}]}},"_links":{"self":[{"href":"https:\/\/www.insidesalud.cl\/wp-json\/wp\/v2\/pages\/9550","targetHints":{"allow":["GET"]}}],"collection":[{"href":"https:\/\/www.insidesalud.cl\/wp-json\/wp\/v2\/pages"}],"about":[{"href":"https:\/\/www.insidesalud.cl\/wp-json\/wp\/v2\/types\/page"}],"author":[{"embeddable":true,"href":"https:\/\/www.insidesalud.cl\/wp-json\/wp\/v2\/users\/3"}],"replies":[{"embeddable":true,"href":"https:\/\/www.insidesalud.cl\/wp-json\/wp\/v2\/comments?post=9550"}],"version-history":[{"count":22,"href":"https:\/\/www.insidesalud.cl\/wp-json\/wp\/v2\/pages\/9550\/revisions"}],"predecessor-version":[{"id":11291,"href":"https:\/\/www.insidesalud.cl\/wp-json\/wp\/v2\/pages\/9550\/revisions\/11291"}],"wp:attachment":[{"href":"https:\/\/www.insidesalud.cl\/wp-json\/wp\/v2\/media?parent=9550"}],"curies":[{"name":"wp","href":"https:\/\/api.w.org\/{rel}","templated":true}]}}