{"id":9556,"date":"2024-01-19T19:57:50","date_gmt":"2024-01-19T19:57:50","guid":{"rendered":"https:\/\/www.insidesalud.cl\/?page_id=9556"},"modified":"2026-04-03T11:16:29","modified_gmt":"2026-04-03T14:16:29","slug":"examen-espirometrias","status":"publish","type":"page","link":"https:\/\/www.insidesalud.cl\/examen-espirometrias\/","title":{"rendered":"Examen Espirometr\u00edas"},"content":{"rendered":"<section class=\"l-section wpb_row height_custom\"><div class=\"l-section-h i-cf\"><div class=\"g-cols vc_row via_grid cols_1 laptops-cols_inherit tablets-cols_inherit mobiles-cols_1 valign_top type_default reversed stacking_default\"><div class=\"wpb_column vc_column_container\"><div class=\"vc_column-inner\"><div class=\"wpb_text_column\"><div class=\"wpb_wrapper\"><p>La espirometr\u00eda es una prueba de la funci\u00f3n pulmonar que mide los vol\u00famenes y flujos respiratorios del paciente, esto es, la capacidad para acumular aire en los pulmones y la capacidad para moverlo.<\/p>\n<p>En esta influye, el peso y altura, enfermedades pulmonares previas, y consumo de tabaco.<\/p>\n<h3 style=\"font-size: 20px; font-weight: 600; margin: 0 0 10px 0;\">Reserva tu examen<\/h3>\n<\/div><\/div><div class=\" vc_custom_1775225709659 ubtn-ctn-left buttonCall\"><a class=\"ubtn-link ult-adjust-bottom-margin ubtn-left ubtn-normal buttonCall\" href=\"https:\/\/web.whatsapp.com\/send?phone=56978243472&text=Hola,%20me%20contacto%20por%20Examen%20Espirometrias.\" target=\"_blank\" rel=\"noopener\" ><button type=\"button\" id=\"ubtn-5504\"  class=\"ubtn ult-adjust-bottom-margin ult-responsive ubtn-normal ubtn-no-hover-bg  none  ubtn-sep-icon ubtn-sep-icon-at-left  ubtn-left   tooltip-69e5eb36d67d4\"  data-hover=\"#ffffff\" data-border-color=\"\" data-bg=\"#00ba4e\" data-hover-bg=\"#079600\" data-border-hover=\"\" data-shadow-hover=\"\" data-shadow-click=\"none\" data-shadow=\"\" data-shd-shadow=\"\"  data-ultimate-target='#ubtn-5504'  data-responsive-json-new='{\"font-size\":\"desktop:17px;\",\"line-height\":\"\"}'  style=\"font-weight:normal;border:none;background: #00ba4e;color: #ffffff;\"><span class=\"ubtn-data ubtn-icon\"><i class=\"Defaults-whatsapp\" style=\"font-size:28px;color:#ffffff;\"><\/i><\/span><span class=\"ubtn-hover\" style=\"background-color:#079600\"><\/span><span class=\"ubtn-data ubtn-text \" >Centro Santiago<\/span><\/button><\/a><\/div><div class=\" vc_custom_1775225720579 ubtn-ctn-left buttonCall\"><a class=\"ubtn-link ult-adjust-bottom-margin ubtn-left ubtn-normal buttonCall\" href=\"https:\/\/web.whatsapp.com\/send?phone=5696401962&text=Hola,%20me%20contacto%20por%20Examen%20Espirometrias.\" target=\"_blank\" rel=\"noopener\" ><button type=\"button\" id=\"ubtn-6588\"  class=\"ubtn ult-adjust-bottom-margin ult-responsive ubtn-normal ubtn-no-hover-bg  none  ubtn-sep-icon ubtn-sep-icon-at-left  ubtn-left   tooltip-69e5eb36d6877\"  data-hover=\"#ffffff\" data-border-color=\"\" data-bg=\"#00ba4e\" data-hover-bg=\"#079600\" data-border-hover=\"\" data-shadow-hover=\"\" data-shadow-click=\"none\" data-shadow=\"\" data-shd-shadow=\"\"  data-ultimate-target='#ubtn-6588'  data-responsive-json-new='{\"font-size\":\"desktop:17px;\",\"line-height\":\"\"}'  style=\"font-weight:normal;border:none;background: #00ba4e;color: #ffffff;\"><span class=\"ubtn-data ubtn-icon\"><i class=\"Defaults-whatsapp\" style=\"font-size:28px;color:#ffffff;\"><\/i><\/span><span class=\"ubtn-hover\" style=\"background-color:#079600\"><\/span><span class=\"ubtn-data ubtn-text \" >Centro Calama<\/span><\/button><\/a><\/div><div class=\" vc_custom_1775225733163 ubtn-ctn-left buttonCall\"><a class=\"ubtn-link ult-adjust-bottom-margin ubtn-left ubtn-normal buttonCall\" href=\"https:\/\/web.whatsapp.com\/send?phone=5696401948&text=Hola,%20me%20contacto%20por%20Examen%20Espirometrias.\" target=\"_blank\" rel=\"noopener\" ><button type=\"button\" id=\"ubtn-2711\"  class=\"ubtn ult-adjust-bottom-margin ult-responsive ubtn-normal ubtn-no-hover-bg  none  ubtn-sep-icon ubtn-sep-icon-at-left  ubtn-left   tooltip-69e5eb36d68c2\"  data-hover=\"#ffffff\" data-border-color=\"\" data-bg=\"#00ba4e\" data-hover-bg=\"#079600\" data-border-hover=\"\" data-shadow-hover=\"\" data-shadow-click=\"none\" data-shadow=\"\" data-shd-shadow=\"\"  data-ultimate-target='#ubtn-2711'  data-responsive-json-new='{\"font-size\":\"desktop:17px;\",\"line-height\":\"\"}'  style=\"font-weight:normal;border:none;background: #00ba4e;color: #ffffff;\"><span class=\"ubtn-data ubtn-icon\"><i class=\"Defaults-whatsapp\" style=\"font-size:28px;color:#ffffff;\"><\/i><\/span><span class=\"ubtn-hover\" style=\"background-color:#079600\"><\/span><span class=\"ubtn-data ubtn-text \" >Centro Antofagasta<\/span><\/button><\/a><\/div><\/div><\/div><div class=\"wpb_column vc_column_container\"><div class=\"vc_column-inner\"><\/div><\/div><\/div><\/div><\/section>\n","protected":false},"excerpt":{"rendered":"La espirometr\u00eda es una prueba de la funci\u00f3n pulmonar que mide los vol\u00famenes y flujos respiratorios del paciente, esto es, la capacidad para acumular aire en los pulmones y la capacidad para moverlo. En esta influye, el peso y altura, enfermedades pulmonares previas, y consumo de tabaco. Reserva tu examen Centro SantiagoCentro CalamaCentro Antofagasta","protected":false},"author":3,"featured_media":9824,"parent":0,"menu_order":0,"comment_status":"closed","ping_status":"closed","template":"","meta":{"inline_featured_image":false,"footnotes":""},"class_list":["post-9556","page","type-page","status-publish","has-post-thumbnail","hentry"],"yoast_head":"<!-- This site is optimized with the Yoast SEO plugin v27.4 - https:\/\/yoast.com\/product\/yoast-seo-wordpress\/ -->\n<title>Examen Espirometr\u00edas | Inside<\/title>\n<meta name=\"robots\" content=\"index, follow, max-snippet:-1, max-image-preview:large, max-video-preview:-1\" \/>\n<link rel=\"canonical\" href=\"https:\/\/www.insidesalud.cl\/examen-espirometrias\/\" \/>\n<meta property=\"og:locale\" content=\"es_ES\" \/>\n<meta property=\"og:type\" content=\"article\" \/>\n<meta property=\"og:title\" content=\"Examen Espirometr\u00edas | Inside\" \/>\n<meta property=\"og:url\" content=\"https:\/\/www.insidesalud.cl\/examen-espirometrias\/\" \/>\n<meta property=\"og:site_name\" content=\"Centro de Salud Laboral Inside\" \/>\n<meta property=\"article:modified_time\" content=\"2026-04-03T14:16:29+00:00\" \/>\n<meta property=\"og:image\" content=\"https:\/\/www.insidesalud.cl\/wp-content\/uploads\/2024\/02\/IMG-20240201-WA0023.jpg\" \/>\n\t<meta property=\"og:image:width\" content=\"976\" \/>\n\t<meta property=\"og:image:height\" content=\"732\" \/>\n\t<meta property=\"og:image:type\" content=\"image\/jpeg\" \/>\n<meta name=\"twitter:card\" content=\"summary_large_image\" \/>\n<meta name=\"twitter:label1\" content=\"Tiempo de lectura\" \/>\n\t<meta name=\"twitter:data1\" content=\"1 minuto\" \/>\n<script type=\"application\/ld+json\" class=\"yoast-schema-graph\">{\"@context\":\"https:\\\/\\\/schema.org\",\"@graph\":[{\"@type\":\"WebPage\",\"@id\":\"https:\\\/\\\/www.insidesalud.cl\\\/examen-espirometrias\\\/\",\"url\":\"https:\\\/\\\/www.insidesalud.cl\\\/examen-espirometrias\\\/\",\"name\":\"Examen Espirometr\u00edas | Inside\",\"isPartOf\":{\"@id\":\"https:\\\/\\\/www.insidesalud.cl\\\/#website\"},\"primaryImageOfPage\":{\"@id\":\"https:\\\/\\\/www.insidesalud.cl\\\/examen-espirometrias\\\/#primaryimage\"},\"image\":{\"@id\":\"https:\\\/\\\/www.insidesalud.cl\\\/examen-espirometrias\\\/#primaryimage\"},\"thumbnailUrl\":\"https:\\\/\\\/www.insidesalud.cl\\\/wp-content\\\/uploads\\\/2024\\\/02\\\/IMG-20240201-WA0023.jpg\",\"datePublished\":\"2024-01-19T19:57:50+00:00\",\"dateModified\":\"2026-04-03T14:16:29+00:00\",\"breadcrumb\":{\"@id\":\"https:\\\/\\\/www.insidesalud.cl\\\/examen-espirometrias\\\/#breadcrumb\"},\"inLanguage\":\"es\",\"potentialAction\":[{\"@type\":\"ReadAction\",\"target\":[\"https:\\\/\\\/www.insidesalud.cl\\\/examen-espirometrias\\\/\"]}]},{\"@type\":\"ImageObject\",\"inLanguage\":\"es\",\"@id\":\"https:\\\/\\\/www.insidesalud.cl\\\/examen-espirometrias\\\/#primaryimage\",\"url\":\"https:\\\/\\\/www.insidesalud.cl\\\/wp-content\\\/uploads\\\/2024\\\/02\\\/IMG-20240201-WA0023.jpg\",\"contentUrl\":\"https:\\\/\\\/www.insidesalud.cl\\\/wp-content\\\/uploads\\\/2024\\\/02\\\/IMG-20240201-WA0023.jpg\",\"width\":976,\"height\":732,\"caption\":\"Espirometr\u00eda\"},{\"@type\":\"BreadcrumbList\",\"@id\":\"https:\\\/\\\/www.insidesalud.cl\\\/examen-espirometrias\\\/#breadcrumb\",\"itemListElement\":[{\"@type\":\"ListItem\",\"position\":1,\"name\":\"Portada\",\"item\":\"https:\\\/\\\/www.insidesalud.cl\\\/\"},{\"@type\":\"ListItem\",\"position\":2,\"name\":\"Examen Espirometr\u00edas\"}]},{\"@type\":\"WebSite\",\"@id\":\"https:\\\/\\\/www.insidesalud.cl\\\/#website\",\"url\":\"https:\\\/\\\/www.insidesalud.cl\\\/\",\"name\":\"Centro de Salud Laboral Inside\",\"description\":\"Salud laboral, Ex\u00e1menes Preocupacionales, Psicosensot\u00e9cnicos Rigurosos, Ex\u00e1menes De Drogas, Radiograf\u00eda Digital Con Interpretaci\u00f3n Oit, Laboratorio Cl\u00ednico, Electrocardiograma, Espirometr\u00edas, VIII Par, Capacitaciones Altura F\u00edsica\",\"publisher\":{\"@id\":\"https:\\\/\\\/www.insidesalud.cl\\\/#organization\"},\"potentialAction\":[{\"@type\":\"SearchAction\",\"target\":{\"@type\":\"EntryPoint\",\"urlTemplate\":\"https:\\\/\\\/www.insidesalud.cl\\\/?s={search_term_string}\"},\"query-input\":{\"@type\":\"PropertyValueSpecification\",\"valueRequired\":true,\"valueName\":\"search_term_string\"}}],\"inLanguage\":\"es\"},{\"@type\":\"Organization\",\"@id\":\"https:\\\/\\\/www.insidesalud.cl\\\/#organization\",\"name\":\"Centro de Salud Laboral Inside\",\"url\":\"https:\\\/\\\/www.insidesalud.cl\\\/\",\"logo\":{\"@type\":\"ImageObject\",\"inLanguage\":\"es\",\"@id\":\"https:\\\/\\\/www.insidesalud.cl\\\/#\\\/schema\\\/logo\\\/image\\\/\",\"url\":\"https:\\\/\\\/www.insidesalud.cl\\\/wp-content\\\/uploads\\\/2017\\\/07\\\/inside-salud-chile.png\",\"contentUrl\":\"https:\\\/\\\/www.insidesalud.cl\\\/wp-content\\\/uploads\\\/2017\\\/07\\\/inside-salud-chile.png\",\"width\":260,\"height\":140,\"caption\":\"Centro de Salud Laboral Inside\"},\"image\":{\"@id\":\"https:\\\/\\\/www.insidesalud.cl\\\/#\\\/schema\\\/logo\\\/image\\\/\"}}]}<\/script>\n<!-- \/ Yoast SEO plugin. -->","yoast_head_json":{"title":"Examen Espirometr\u00edas | Inside","robots":{"index":"index","follow":"follow","max-snippet":"max-snippet:-1","max-image-preview":"max-image-preview:large","max-video-preview":"max-video-preview:-1"},"canonical":"https:\/\/www.insidesalud.cl\/examen-espirometrias\/","og_locale":"es_ES","og_type":"article","og_title":"Examen Espirometr\u00edas | Inside","og_url":"https:\/\/www.insidesalud.cl\/examen-espirometrias\/","og_site_name":"Centro de Salud Laboral Inside","article_modified_time":"2026-04-03T14:16:29+00:00","og_image":[{"width":976,"height":732,"url":"https:\/\/www.insidesalud.cl\/wp-content\/uploads\/2024\/02\/IMG-20240201-WA0023.jpg","type":"image\/jpeg"}],"twitter_card":"summary_large_image","twitter_misc":{"Tiempo de lectura":"1 minuto"},"schema":{"@context":"https:\/\/schema.org","@graph":[{"@type":"WebPage","@id":"https:\/\/www.insidesalud.cl\/examen-espirometrias\/","url":"https:\/\/www.insidesalud.cl\/examen-espirometrias\/","name":"Examen Espirometr\u00edas | Inside","isPartOf":{"@id":"https:\/\/www.insidesalud.cl\/#website"},"primaryImageOfPage":{"@id":"https:\/\/www.insidesalud.cl\/examen-espirometrias\/#primaryimage"},"image":{"@id":"https:\/\/www.insidesalud.cl\/examen-espirometrias\/#primaryimage"},"thumbnailUrl":"https:\/\/www.insidesalud.cl\/wp-content\/uploads\/2024\/02\/IMG-20240201-WA0023.jpg","datePublished":"2024-01-19T19:57:50+00:00","dateModified":"2026-04-03T14:16:29+00:00","breadcrumb":{"@id":"https:\/\/www.insidesalud.cl\/examen-espirometrias\/#breadcrumb"},"inLanguage":"es","potentialAction":[{"@type":"ReadAction","target":["https:\/\/www.insidesalud.cl\/examen-espirometrias\/"]}]},{"@type":"ImageObject","inLanguage":"es","@id":"https:\/\/www.insidesalud.cl\/examen-espirometrias\/#primaryimage","url":"https:\/\/www.insidesalud.cl\/wp-content\/uploads\/2024\/02\/IMG-20240201-WA0023.jpg","contentUrl":"https:\/\/www.insidesalud.cl\/wp-content\/uploads\/2024\/02\/IMG-20240201-WA0023.jpg","width":976,"height":732,"caption":"Espirometr\u00eda"},{"@type":"BreadcrumbList","@id":"https:\/\/www.insidesalud.cl\/examen-espirometrias\/#breadcrumb","itemListElement":[{"@type":"ListItem","position":1,"name":"Portada","item":"https:\/\/www.insidesalud.cl\/"},{"@type":"ListItem","position":2,"name":"Examen Espirometr\u00edas"}]},{"@type":"WebSite","@id":"https:\/\/www.insidesalud.cl\/#website","url":"https:\/\/www.insidesalud.cl\/","name":"Centro de Salud Laboral Inside","description":"Salud laboral, Ex\u00e1menes Preocupacionales, Psicosensot\u00e9cnicos Rigurosos, Ex\u00e1menes De Drogas, Radiograf\u00eda Digital Con Interpretaci\u00f3n Oit, Laboratorio Cl\u00ednico, Electrocardiograma, Espirometr\u00edas, VIII Par, Capacitaciones Altura F\u00edsica","publisher":{"@id":"https:\/\/www.insidesalud.cl\/#organization"},"potentialAction":[{"@type":"SearchAction","target":{"@type":"EntryPoint","urlTemplate":"https:\/\/www.insidesalud.cl\/?s={search_term_string}"},"query-input":{"@type":"PropertyValueSpecification","valueRequired":true,"valueName":"search_term_string"}}],"inLanguage":"es"},{"@type":"Organization","@id":"https:\/\/www.insidesalud.cl\/#organization","name":"Centro de Salud Laboral Inside","url":"https:\/\/www.insidesalud.cl\/","logo":{"@type":"ImageObject","inLanguage":"es","@id":"https:\/\/www.insidesalud.cl\/#\/schema\/logo\/image\/","url":"https:\/\/www.insidesalud.cl\/wp-content\/uploads\/2017\/07\/inside-salud-chile.png","contentUrl":"https:\/\/www.insidesalud.cl\/wp-content\/uploads\/2017\/07\/inside-salud-chile.png","width":260,"height":140,"caption":"Centro de Salud Laboral Inside"},"image":{"@id":"https:\/\/www.insidesalud.cl\/#\/schema\/logo\/image\/"}}]}},"_links":{"self":[{"href":"https:\/\/www.insidesalud.cl\/wp-json\/wp\/v2\/pages\/9556","targetHints":{"allow":["GET"]}}],"collection":[{"href":"https:\/\/www.insidesalud.cl\/wp-json\/wp\/v2\/pages"}],"about":[{"href":"https:\/\/www.insidesalud.cl\/wp-json\/wp\/v2\/types\/page"}],"author":[{"embeddable":true,"href":"https:\/\/www.insidesalud.cl\/wp-json\/wp\/v2\/users\/3"}],"replies":[{"embeddable":true,"href":"https:\/\/www.insidesalud.cl\/wp-json\/wp\/v2\/comments?post=9556"}],"version-history":[{"count":20,"href":"https:\/\/www.insidesalud.cl\/wp-json\/wp\/v2\/pages\/9556\/revisions"}],"predecessor-version":[{"id":11302,"href":"https:\/\/www.insidesalud.cl\/wp-json\/wp\/v2\/pages\/9556\/revisions\/11302"}],"wp:featuredmedia":[{"embeddable":true,"href":"https:\/\/www.insidesalud.cl\/wp-json\/wp\/v2\/media\/9824"}],"wp:attachment":[{"href":"https:\/\/www.insidesalud.cl\/wp-json\/wp\/v2\/media?parent=9556"}],"curies":[{"name":"wp","href":"https:\/\/api.w.org\/{rel}","templated":true}]}}